{"id":3506,"date":"2025-10-20T13:02:56","date_gmt":"2025-10-20T11:02:56","guid":{"rendered":"https:\/\/www.marinaorigins.com\/geschiedenis\/"},"modified":"2026-04-21T13:39:04","modified_gmt":"2026-04-21T11:39:04","slug":"geschiedenis","status":"publish","type":"page","link":"https:\/\/www.marinaorigins.com\/nl\/geschiedenis\/","title":{"rendered":"Geschiedenis"},"content":{"rendered":"\t\t<div data-elementor-type=\"wp-page\" data-elementor-id=\"3506\" class=\"elementor elementor-3506 elementor-2717\" data-elementor-post-type=\"page\">\n\t\t\t\t<div class=\"elementor-element elementor-element-8b742b2 e-con-full e-flex e-con e-parent\" data-id=\"8b742b2\" data-element_type=\"container\" data-e-type=\"container\">\n\t\t\t\t<div class=\"elementor-element elementor-element-943aef6 elementor-pagination-type-bullets elementor-arrows-position-inside elementor-pagination-position-outside elementor-widget elementor-widget-n-carousel\" data-id=\"943aef6\" data-element_type=\"widget\" data-e-type=\"widget\" data-settings=\"{&quot;carousel_items&quot;:[{&quot;slide_title&quot;:&quot;Diapositiva n\\u00ba 2&quot;,&quot;_id&quot;:&quot;1d3de04&quot;}],&quot;slides_to_show&quot;:&quot;1&quot;,&quot;slides_to_show_tablet&quot;:&quot;1&quot;,&quot;slides_to_show_mobile&quot;:&quot;1&quot;,&quot;autoplay&quot;:&quot;yes&quot;,&quot;autoplay_speed&quot;:5000,&quot;pause_on_hover&quot;:&quot;yes&quot;,&quot;pause_on_interaction&quot;:&quot;yes&quot;,&quot;infinite&quot;:&quot;yes&quot;,&quot;speed&quot;:500,&quot;offset_sides&quot;:&quot;none&quot;,&quot;arrows&quot;:&quot;yes&quot;,&quot;pagination&quot;:&quot;bullets&quot;,&quot;image_spacing_custom&quot;:{&quot;unit&quot;:&quot;px&quot;,&quot;size&quot;:10,&quot;sizes&quot;:[]},&quot;image_spacing_custom_tablet&quot;:{&quot;unit&quot;:&quot;px&quot;,&quot;size&quot;:&quot;&quot;,&quot;sizes&quot;:[]},&quot;image_spacing_custom_mobile&quot;:{&quot;unit&quot;:&quot;px&quot;,&quot;size&quot;:&quot;&quot;,&quot;sizes&quot;:[]}}\" data-widget_type=\"nested-carousel.default\">\n\t\t\t\t<div class=\"elementor-widget-container\">\n\t\t\t\t\t\t\t<div class=\"e-n-carousel swiper\" role=\"region\" aria-roledescription=\"carousel\" aria-label=\"Carrusel\" dir=\"ltr\">\n\t\t\t<div class=\"swiper-wrapper\" aria-live=\"off\">\n\t\t\t\t\t\t\t\t\t\t<div class=\"swiper-slide\" data-slide=\"1\" role=\"group\" aria-roledescription=\"slide\" aria-label=\"1 van 1\">\n\t\t\t\t\t\t\t<div class=\"elementor-element elementor-element-596a388 e-flex e-con-boxed e-con e-child\" data-id=\"596a388\" data-element_type=\"container\" data-e-type=\"container\">\n\t\t\t\t\t<div class=\"e-con-inner\">\n\t\t<div class=\"elementor-element elementor-element-e712e05 e-con-full e-flex e-con e-child\" data-id=\"e712e05\" data-element_type=\"container\" data-e-type=\"container\">\n\t\t<div class=\"elementor-element elementor-element-dc40cec e-con-full e-flex e-con e-child\" data-id=\"dc40cec\" data-element_type=\"container\" data-e-type=\"container\">\n\t\t\t\t<div class=\"elementor-element elementor-element-87f3717 elementor-widget__width-inherit elementor-widget-divider--view-line elementor-invisible elementor-widget elementor-widget-divider\" data-id=\"87f3717\" data-element_type=\"widget\" data-e-type=\"widget\" data-settings=\"{&quot;_animation&quot;:&quot;fadeInLeft&quot;}\" data-widget_type=\"divider.default\">\n\t\t\t\t<div class=\"elementor-widget-container\">\n\t\t\t\t\t\t\t<div class=\"elementor-divider\">\n\t\t\t<span class=\"elementor-divider-separator\">\n\t\t\t\t\t\t<\/span>\n\t\t<\/div>\n\t\t\t\t\t\t<\/div>\n\t\t\t\t<\/div>\n\t\t\t\t<div class=\"elementor-element elementor-element-791ba64 elementor-widget__width-initial elementor-widget-tablet__width-inherit titulo-saborea elementor-widget elementor-widget-heading\" data-id=\"791ba64\" data-element_type=\"widget\" data-e-type=\"widget\" data-widget_type=\"heading.default\">\n\t\t\t\t<div class=\"elementor-widget-container\">\n\t\t\t\t\t<h2 class=\"elementor-heading-title elementor-size-default\">GESCHIEDENIS<\/h2>\t\t\t\t<\/div>\n\t\t\t\t<\/div>\n\t\t\t\t<div class=\"elementor-element elementor-element-224e6ba elementor-widget__width-initial elementor-widget-tablet__width-inherit elementor-widget elementor-widget-heading\" data-id=\"224e6ba\" data-element_type=\"widget\" data-e-type=\"widget\" data-widget_type=\"heading.default\">\n\t\t\t\t<div class=\"elementor-widget-container\">\n\t\t\t\t\t<h2 class=\"elementor-heading-title elementor-size-default\">EVOLUTIE EN ONZE TOEWIJDING VANDAAG<\/h2>\t\t\t\t<\/div>\n\t\t\t\t<\/div>\n\t\t\t\t<\/div>\n\t\t\t\t<\/div>\n\t\t\t\t\t<\/div>\n\t\t\t\t<\/div>\n\t\t\t\t\t\t\t\t<\/div>\n\t\t\t\t\t\t\t\t<\/div>\n\t\t<\/div>\n\t\t\t\t\t\t<\/div>\n\t\t\t\t<\/div>\n\t\t\t\t<\/div>\n\t\t<div class=\"elementor-element elementor-element-9cacedc e-con-full e-flex e-con e-parent\" data-id=\"9cacedc\" data-element_type=\"container\" data-e-type=\"container\" data-settings=\"{&quot;background_background&quot;:&quot;classic&quot;,&quot;animation&quot;:&quot;none&quot;}\">\n\t\t\t\t<div class=\"elementor-element elementor-element-b0f3dc1 elementor-widget__width-inherit elementor-widget elementor-widget-image\" data-id=\"b0f3dc1\" data-element_type=\"widget\" data-e-type=\"widget\" data-settings=\"{&quot;_animation&quot;:&quot;none&quot;,&quot;_animation_mobile&quot;:&quot;none&quot;}\" data-widget_type=\"image.default\">\n\t\t\t\t<div class=\"elementor-widget-container\">\n\t\t\t\t\t\t\t\t\t\t\t\t\t\t\t<img fetchpriority=\"high\" decoding=\"async\" width=\"1700\" height=\"450\" src=\"https:\/\/www.marinaorigins.com\/wp-content\/uploads\/2025\/05\/img-presentacion-marina-origins.webp\" class=\"attachment-full size-full wp-image-3085\" alt=\"\" srcset=\"https:\/\/www.marinaorigins.com\/wp-content\/uploads\/2025\/05\/img-presentacion-marina-origins.webp 1700w, https:\/\/www.marinaorigins.com\/wp-content\/uploads\/2025\/05\/img-presentacion-marina-origins-300x79.webp 300w, https:\/\/www.marinaorigins.com\/wp-content\/uploads\/2025\/05\/img-presentacion-marina-origins-1024x271.webp 1024w, https:\/\/www.marinaorigins.com\/wp-content\/uploads\/2025\/05\/img-presentacion-marina-origins-768x203.webp 768w, https:\/\/www.marinaorigins.com\/wp-content\/uploads\/2025\/05\/img-presentacion-marina-origins-1536x407.webp 1536w\" sizes=\"(max-width: 1700px) 100vw, 1700px\" \/>\t\t\t\t\t\t\t\t\t\t\t\t\t\t\t<\/div>\n\t\t\t\t<\/div>\n\t\t\t\t<\/div>\n\t\t<div class=\"elementor-element elementor-element-eff9860 e-flex e-con-boxed e-con e-parent\" data-id=\"eff9860\" data-element_type=\"container\" data-e-type=\"container\">\n\t\t\t\t\t<div class=\"e-con-inner\">\n\t\t<div class=\"elementor-element elementor-element-beb5e50 e-con-full e-flex e-con e-child\" data-id=\"beb5e50\" data-element_type=\"container\" data-e-type=\"container\">\n\t\t\t\t<div class=\"elementor-element elementor-element-40b1671 elementor-widget__width-initial elementor-widget-mobile__width-inherit txt-largo-saborea elementor-widget elementor-widget-text-editor\" data-id=\"40b1671\" data-element_type=\"widget\" data-e-type=\"widget\" data-widget_type=\"text-editor.default\">\n\t\t\t\t<div class=\"elementor-widget-container\">\n\t\t\t\t\t\t\t\t\t<p>Op 10 april 2025 heropent Marina Origins zijn deuren om een innovatieve gastronomische ruimte te cre\u00ebren.<\/p><p>In 1979 richtten Viviana Deckx Ceulemans en Guy Le Metayer Restaurant La Marina op, gespecialiseerd in de Franse keuken. Het echtpaar legde de basis van het resort, beginnend met de oprichting van dit restaurant, gebaseerd op goede gastronomie met zijn Franse en Belgische roots. De inspanning, de warmte van de gastvrijheid, de kwaliteit van het product en de culinaire alchemie maakten het mogelijk om een referentieplek in de omgeving te worden.  <\/p><p>Het is belangrijk te weten waar we vandaan komen, om een goede koers te behouden. Dus met die basis, de basis van de keuken en de gastvrijheid, is de rest van de familie blijven verderwerken.  <\/p><p>De heropening van Marina Origins is opnieuw een bewijs van die evolutie, van onze toewijding om het beste te bieden. Marina Origins wordt herboren met de bedoeling veel meer te zijn dan een restaurant; wij willen de plek zijn waar je de authentieke smaken van ons land proeft, waar elk gerecht een verhaal vertelt, waar bijzondere momenten rond een tafel worden gedeeld. <\/p><p>Samay Groep, de familie Samay kiest voor een ander concept, zowel in de fysieke structuur als in de eigen stijl. Marina Origins is opgebouwd met een indeling van drie niveaus met diverse ervaringen voor elk van hen. <\/p><p>Zo blijft de begane grond gereserveerd als <strong>hoofdzone voor horeca<\/strong>, aangevuld met een ruimte voor het bekijken van sportevenementen en een bar. De tweede verdieping blijft beschikken over <strong>een ruim buitenterras <\/strong>met een ontspannen sfeer, uitzicht en een discotheek. In de kelder bevindt zich de eveneens vernieuwde indoor kinderspeelzone, nu rechtstreeks verbonden met de hoofdzaal.  <\/p><p>Origins is de plek waar elk lid van de familie, ongeacht de leeftijd, kan genieten in een specifieke ruimte voor zijn plezier. Terwijl de hele familie eet en familie en vrienden hun maaltijd afronden, kunnen de kleinsten genieten van het ballenpark en de speelzaal, en eveneens van de buitenruimtes en de kermis. <\/p><p>Naast het dagelijkse gebruik wordt het hele gebouw opgevat als een ruimte voor de <strong>organisatie van evenementen en vieringen<\/strong>. Elk van de ruimtes beschikt over een onafhankelijke bar, wat de organisatie van priv\u00e9-evenementen en sessies met dj\u2019s zal vergemakkelijken, om het aanbod van vrije tijd en entertainment te versterken. <\/p><p>Maar daarnaast wordt het project aangevuld met een culinair concept waarbij veelzijdigheid het belangrijkste ingredi\u00ebnt is, met \u00e9\u00e9n enkele menukaart die verschillende versies van kaarten samenbrengt. <strong>De kaart behoudt de essentie van de mediterrane keuken, opnieuw ge\u00efnterpreteerd door onze chefs: Ana Mar\u00eda Navarro Moreno en Andr\u00e9s Mart\u00ednez Rinc\u00f3n<\/strong>. Gecombineerd met <strong>snacks<\/strong>, waarin \u201clichtere en creatievere\u201d opties worden opgenomen. Daarbij komt <strong>een speciale kaart voor evenementen<\/strong>, ontworpen voor vieringen en sociale of zakelijke bijeenkomsten. Met gedifferentieerde voorstellen ter begeleiding van de cocktails.   <\/p><p>Het geheel van het gastronomische aanbod is gebaseerd op kwaliteitsproducten, eerlijke smaken en verrassende combinaties, met een innovatieve presentatie die bedoeld is om te delen. <strong>Gerechten van de grill, rijstgerechten en producten uit de zee en de moestuin<\/strong> ontbreken niet als hoofdrolspelers in een aanbod dat verbonden is met de traditie, maar met een actuele en creatieve kijk.<br> <br> <br> <\/p><p>Dit centrale voorstel wordt versterkt door een ander onmisbaar onderdeel om het geheel van een zaak met de ambitie een verplichte referentieplek te worden compleet te maken: het <strong>cocktailaanbod<\/strong>.<\/p><p>Wij beschikken over <strong>een specifiek ontworpen kaart om de culinaire ervaring te begeleiden en de sociale sfeer van de ruimte te versterken<\/strong>. Deze kaart combineert opnieuw ge\u00efnterpreteerde klassieke cocktails, eigen creaties en alcoholvrije opties, met behoud van een belangrijk evenwicht tussen het verfijnde en het toegankelijke. <\/p><p>Dit alles onder leiding van Fabi\u00e1n Ayala Rodr\u00edguez en zijn team: Ronald Pe\u00f1a Barco en Francisco Manuel Oca\u00f1a Moreno.<\/p>\t\t\t\t\t\t\t\t<\/div>\n\t\t\t\t<\/div>\n\t\t\t\t<\/div>\n\t\t\t\t\t<\/div>\n\t\t\t\t<\/div>\n\t\t\t\t<\/div>\n\t\t","protected":false},"excerpt":{"rendered":"<p>GESCHIEDENIS EVOLUTIE EN ONZE TOEWIJDING VANDAAG GESCHIEDENIS EVOLUTIE EN ONZE TOEWIJDING VANDAAG Op 10 april 2025 heropent Marina Origins zijn deuren om een innovatieve gastronomische ruimte te cre\u00ebren. In 1979 [&hellip;]<\/p>\n","protected":false},"author":1,"featured_media":0,"parent":0,"menu_order":0,"comment_status":"closed","ping_status":"closed","template":"","meta":{"footnotes":""},"class_list":["post-3506","page","type-page","status-publish","hentry"],"_links":{"self":[{"href":"https:\/\/www.marinaorigins.com\/nl\/wp-json\/wp\/v2\/pages\/3506","targetHints":{"allow":["GET"]}}],"collection":[{"href":"https:\/\/www.marinaorigins.com\/nl\/wp-json\/wp\/v2\/pages"}],"about":[{"href":"https:\/\/www.marinaorigins.com\/nl\/wp-json\/wp\/v2\/types\/page"}],"author":[{"embeddable":true,"href":"https:\/\/www.marinaorigins.com\/nl\/wp-json\/wp\/v2\/users\/1"}],"replies":[{"embeddable":true,"href":"https:\/\/www.marinaorigins.com\/nl\/wp-json\/wp\/v2\/comments?post=3506"}],"version-history":[{"count":5,"href":"https:\/\/www.marinaorigins.com\/nl\/wp-json\/wp\/v2\/pages\/3506\/revisions"}],"predecessor-version":[{"id":3513,"href":"https:\/\/www.marinaorigins.com\/nl\/wp-json\/wp\/v2\/pages\/3506\/revisions\/3513"}],"wp:attachment":[{"href":"https:\/\/www.marinaorigins.com\/nl\/wp-json\/wp\/v2\/media?parent=3506"}],"curies":[{"name":"wp","href":"https:\/\/api.w.org\/{rel}","templated":true}]}}