{"id":3514,"date":"2025-10-20T13:02:56","date_gmt":"2025-10-20T11:02:56","guid":{"rendered":"https:\/\/www.marinaorigins.com\/histoire\/"},"modified":"2026-04-21T13:50:24","modified_gmt":"2026-04-21T11:50:24","slug":"histoire","status":"publish","type":"page","link":"https:\/\/www.marinaorigins.com\/fr\/histoire\/","title":{"rendered":"Histoire"},"content":{"rendered":"\t\t<div data-elementor-type=\"wp-page\" data-elementor-id=\"3514\" class=\"elementor elementor-3514 elementor-2717\" data-elementor-post-type=\"page\">\n\t\t\t\t<div class=\"elementor-element elementor-element-8b742b2 e-con-full e-flex e-con e-parent\" data-id=\"8b742b2\" data-element_type=\"container\" data-e-type=\"container\">\n\t\t\t\t<div class=\"elementor-element elementor-element-943aef6 elementor-pagination-type-bullets elementor-arrows-position-inside elementor-pagination-position-outside elementor-widget elementor-widget-n-carousel\" data-id=\"943aef6\" data-element_type=\"widget\" data-e-type=\"widget\" data-settings=\"{&quot;carousel_items&quot;:[{&quot;slide_title&quot;:&quot;Diapositiva n\\u00ba 2&quot;,&quot;_id&quot;:&quot;1d3de04&quot;}],&quot;slides_to_show&quot;:&quot;1&quot;,&quot;slides_to_show_tablet&quot;:&quot;1&quot;,&quot;slides_to_show_mobile&quot;:&quot;1&quot;,&quot;autoplay&quot;:&quot;yes&quot;,&quot;autoplay_speed&quot;:5000,&quot;pause_on_hover&quot;:&quot;yes&quot;,&quot;pause_on_interaction&quot;:&quot;yes&quot;,&quot;infinite&quot;:&quot;yes&quot;,&quot;speed&quot;:500,&quot;offset_sides&quot;:&quot;none&quot;,&quot;arrows&quot;:&quot;yes&quot;,&quot;pagination&quot;:&quot;bullets&quot;,&quot;image_spacing_custom&quot;:{&quot;unit&quot;:&quot;px&quot;,&quot;size&quot;:10,&quot;sizes&quot;:[]},&quot;image_spacing_custom_tablet&quot;:{&quot;unit&quot;:&quot;px&quot;,&quot;size&quot;:&quot;&quot;,&quot;sizes&quot;:[]},&quot;image_spacing_custom_mobile&quot;:{&quot;unit&quot;:&quot;px&quot;,&quot;size&quot;:&quot;&quot;,&quot;sizes&quot;:[]}}\" data-widget_type=\"nested-carousel.default\">\n\t\t\t\t<div class=\"elementor-widget-container\">\n\t\t\t\t\t\t\t<div class=\"e-n-carousel swiper\" role=\"region\" aria-roledescription=\"carousel\" aria-label=\"Carrusel\" dir=\"ltr\">\n\t\t\t<div class=\"swiper-wrapper\" aria-live=\"off\">\n\t\t\t\t\t\t\t\t\t\t<div class=\"swiper-slide\" data-slide=\"1\" role=\"group\" aria-roledescription=\"slide\" aria-label=\"1 sur 1\">\n\t\t\t\t\t\t\t<div class=\"elementor-element elementor-element-596a388 e-flex e-con-boxed e-con e-child\" data-id=\"596a388\" data-element_type=\"container\" data-e-type=\"container\">\n\t\t\t\t\t<div class=\"e-con-inner\">\n\t\t<div class=\"elementor-element elementor-element-e712e05 e-con-full e-flex e-con e-child\" data-id=\"e712e05\" data-element_type=\"container\" data-e-type=\"container\">\n\t\t<div class=\"elementor-element elementor-element-dc40cec e-con-full e-flex e-con e-child\" data-id=\"dc40cec\" data-element_type=\"container\" data-e-type=\"container\">\n\t\t\t\t<div class=\"elementor-element elementor-element-87f3717 elementor-widget__width-inherit elementor-widget-divider--view-line elementor-invisible elementor-widget elementor-widget-divider\" data-id=\"87f3717\" data-element_type=\"widget\" data-e-type=\"widget\" data-settings=\"{&quot;_animation&quot;:&quot;fadeInLeft&quot;}\" data-widget_type=\"divider.default\">\n\t\t\t\t<div class=\"elementor-widget-container\">\n\t\t\t\t\t\t\t<div class=\"elementor-divider\">\n\t\t\t<span class=\"elementor-divider-separator\">\n\t\t\t\t\t\t<\/span>\n\t\t<\/div>\n\t\t\t\t\t\t<\/div>\n\t\t\t\t<\/div>\n\t\t\t\t<div class=\"elementor-element elementor-element-791ba64 elementor-widget__width-initial elementor-widget-tablet__width-inherit titulo-saborea elementor-widget elementor-widget-heading\" data-id=\"791ba64\" data-element_type=\"widget\" data-e-type=\"widget\" data-widget_type=\"heading.default\">\n\t\t\t\t<div class=\"elementor-widget-container\">\n\t\t\t\t\t<h2 class=\"elementor-heading-title elementor-size-default\">HISTOIRE<\/h2>\t\t\t\t<\/div>\n\t\t\t\t<\/div>\n\t\t\t\t<div class=\"elementor-element elementor-element-224e6ba elementor-widget__width-initial elementor-widget-tablet__width-inherit elementor-widget elementor-widget-heading\" data-id=\"224e6ba\" data-element_type=\"widget\" data-e-type=\"widget\" data-widget_type=\"heading.default\">\n\t\t\t\t<div class=\"elementor-widget-container\">\n\t\t\t\t\t<h2 class=\"elementor-heading-title elementor-size-default\">\u00c9VOLUTION ET NOTRE ENGAGEMENT AUJOURD\u2019HUI<\/h2>\t\t\t\t<\/div>\n\t\t\t\t<\/div>\n\t\t\t\t<\/div>\n\t\t\t\t<\/div>\n\t\t\t\t\t<\/div>\n\t\t\t\t<\/div>\n\t\t\t\t\t\t\t\t<\/div>\n\t\t\t\t\t\t\t\t<\/div>\n\t\t<\/div>\n\t\t\t\t\t\t<\/div>\n\t\t\t\t<\/div>\n\t\t\t\t<\/div>\n\t\t<div class=\"elementor-element elementor-element-9cacedc e-con-full e-flex e-con e-parent\" data-id=\"9cacedc\" data-element_type=\"container\" data-e-type=\"container\" data-settings=\"{&quot;background_background&quot;:&quot;classic&quot;,&quot;animation&quot;:&quot;none&quot;}\">\n\t\t\t\t<div class=\"elementor-element elementor-element-b0f3dc1 elementor-widget__width-inherit elementor-widget elementor-widget-image\" data-id=\"b0f3dc1\" data-element_type=\"widget\" data-e-type=\"widget\" data-settings=\"{&quot;_animation&quot;:&quot;none&quot;,&quot;_animation_mobile&quot;:&quot;none&quot;}\" data-widget_type=\"image.default\">\n\t\t\t\t<div class=\"elementor-widget-container\">\n\t\t\t\t\t\t\t\t\t\t\t\t\t\t\t<img fetchpriority=\"high\" decoding=\"async\" width=\"1700\" height=\"450\" src=\"https:\/\/www.marinaorigins.com\/wp-content\/uploads\/2025\/05\/img-presentacion-marina-origins.webp\" class=\"attachment-full size-full wp-image-3123\" alt=\"\" srcset=\"https:\/\/www.marinaorigins.com\/wp-content\/uploads\/2025\/05\/img-presentacion-marina-origins.webp 1700w, https:\/\/www.marinaorigins.com\/wp-content\/uploads\/2025\/05\/img-presentacion-marina-origins-300x79.webp 300w, https:\/\/www.marinaorigins.com\/wp-content\/uploads\/2025\/05\/img-presentacion-marina-origins-1024x271.webp 1024w, https:\/\/www.marinaorigins.com\/wp-content\/uploads\/2025\/05\/img-presentacion-marina-origins-768x203.webp 768w, https:\/\/www.marinaorigins.com\/wp-content\/uploads\/2025\/05\/img-presentacion-marina-origins-1536x407.webp 1536w\" sizes=\"(max-width: 1700px) 100vw, 1700px\" \/>\t\t\t\t\t\t\t\t\t\t\t\t\t\t\t<\/div>\n\t\t\t\t<\/div>\n\t\t\t\t<\/div>\n\t\t<div class=\"elementor-element elementor-element-eff9860 e-flex e-con-boxed e-con e-parent\" data-id=\"eff9860\" data-element_type=\"container\" data-e-type=\"container\">\n\t\t\t\t\t<div class=\"e-con-inner\">\n\t\t<div class=\"elementor-element elementor-element-beb5e50 e-con-full e-flex e-con e-child\" data-id=\"beb5e50\" data-element_type=\"container\" data-e-type=\"container\">\n\t\t\t\t<div class=\"elementor-element elementor-element-40b1671 elementor-widget__width-initial elementor-widget-mobile__width-inherit txt-largo-saborea elementor-widget elementor-widget-text-editor\" data-id=\"40b1671\" data-element_type=\"widget\" data-e-type=\"widget\" data-widget_type=\"text-editor.default\">\n\t\t\t\t<div class=\"elementor-widget-container\">\n\t\t\t\t\t\t\t\t\t<p>Le 10 avril 2025 Marina Origins rouvre ses portes pour cr\u00e9er un espace gastronomique innovant.<\/p><p>En 1979, Viviana Deckx Ceulemans et Guy Le Metayer ont fond\u00e9 le Restaurante La Marina, sp\u00e9cialis\u00e9 dans la cuisine fran\u00e7aise. Le couple a pos\u00e9 les bases du resort en commen\u00e7ant par la cr\u00e9ation de ce restaurant, fond\u00e9 sur la bonne gastronomie avec ses racines fran\u00e7aises et belges. L\u2019effort, la chaleur de l\u2019hospitalit\u00e9, la qualit\u00e9 du produit et l\u2019alchimie culinaire ont permis de devenir un lieu de r\u00e9f\u00e9rence dans les environs.  <\/p><p>Il est important de savoir d\u2019o\u00f9 nous venons pour maintenir le bon cap. Ainsi, avec ces bases, les bases de la cuisine et de l\u2019hospitalit\u00e9, le reste de la famille a continu\u00e9 \u00e0 travailler.  <\/p><p>La r\u00e9ouverture de Marina Origins est un t\u00e9moignage suppl\u00e9mentaire de cette \u00e9volution, de notre engagement \u00e0 offrir le meilleur. Marina Origins rena\u00eet avec l\u2019intention d\u2019\u00eatre bien plus qu\u2019un restaurant, nous voulons \u00eatre l\u2019espace o\u00f9 vous d\u00e9gustez les saveurs authentiques de notre terre, o\u00f9 chaque plat raconte une histoire, o\u00f9 des moments sp\u00e9ciaux se partagent autour d\u2019une table. <\/p><p>Groupe Samay, la famille Samay mise sur un concept diff\u00e9rent tant dans la structure physique que dans le style lui-m\u00eame. Marina Origins s\u2019organise avec une distribution sur trois niveaux offrant des exp\u00e9riences diverses pour chacun d\u2019eux. <\/p><p>Ainsi, son rez-de-chauss\u00e9e est r\u00e9serv\u00e9 comme <strong>zone principale de restauration<\/strong>, compl\u00e9t\u00e9e par son espace de visionnage d\u2019\u00e9v\u00e9nements sportifs et son bar. Son deuxi\u00e8me \u00e9tage continuera \u00e0 disposer <strong>d\u2019une vaste terrasse ext\u00e9rieure<\/strong> \u00e0 l\u2019ambiance d\u00e9tendue avec vue ainsi que de sa discoth\u00e8que. Au sous-sol, la zone de parc infantil indoor \u00e9galement r\u00e9nov\u00e9e, d\u00e9sormais directement reli\u00e9e au salon principal.  <\/p><p>Origins est l\u2019endroit o\u00f9 chacun des membres de la famille, quel que soit son \u00e2ge, peut profiter d\u2019un espace d\u00e9di\u00e9 \u00e0 son divertissement. Toute la famille mangeant ensemble et pendant que la famille et les amis terminent de manger, les plus petits peuvent profiter du parc \u00e0 balles et de la salle de jeux, ils pourront \u00e9galement profiter des zones ext\u00e9rieures et de la f\u00eate foraine. <\/p><p>En plus du quotidien, tout le b\u00e2timent est con\u00e7u comme un espace destin\u00e9 au <strong>d\u00e9veloppement d\u2019\u00e9v\u00e9nements et de c\u00e9l\u00e9brations<\/strong>. Chacun des espaces dispose d\u2019un bar ind\u00e9pendant, ce qui facilitera l\u2019organisation d\u2019\u00e9v\u00e9nements priv\u00e9s et de sessions avec des DJs, afin de renforcer son offre de loisirs et de divertissement. <\/p><p>Mais en outre, le projet se compl\u00e8te avec une proposition culinaire dont l\u2019ingr\u00e9dient cl\u00e9 est la polyvalence, avec une seule carte qui regroupe diff\u00e9rentes versions de cartes. <strong>La carte conservera l\u2019essence de la cuisine m\u00e9diterran\u00e9enne r\u00e9interpr\u00e9t\u00e9e par nos Chefs : Ana Mar\u00eda Navarro Moreno et Andr\u00e9s Mart\u00ednez Rinc\u00f3n<\/strong>. Combin\u00e9e avec des <strong>snacks<\/strong>, dans laquelle seront incluses des options \u00ab\u00a0plus l\u00e9g\u00e8res et cr\u00e9atives\u00a0\u00bb. \u00c0 cela s\u2019ajoute <strong>une carte sp\u00e9ciale pour les \u00e9v\u00e9nements,<\/strong> con\u00e7ue pour les c\u00e9l\u00e9brations et les rencontres sociales ou corporatives. Avec des propositions diff\u00e9renci\u00e9es pour accompagner la coctelerie.   <\/p><p>L\u2019ensemble de la proposition gastronomique est bas\u00e9 sur des produits de qualit\u00e9, des saveurs sinc\u00e8res et des combinaisons surprenantes, avec une pr\u00e9sentation innovante pens\u00e9e pour le partage. Les plats <strong>bas\u00e9s sur la braise, les riz et les produits de la mer et du potager<\/strong> ne manquent pas comme \u00e9l\u00e9ments protagonistes d\u2019une offre qui se connecte \u00e0 la tradition, mais avec un regard actuel et cr\u00e9atif. <\/p><p>Cette proposition centrale b\u00e9n\u00e9ficie du renfort d\u2019un autre composant indispensable pour boucler la boucle d\u2019un \u00e9tablissement ayant vocation \u00e0 devenir un point de r\u00e9f\u00e9rence incontournable : la <strong>coctelerie<\/strong>.<\/p><p>Nous disposons <strong>d\u2019une carte con\u00e7ue de mani\u00e8re sp\u00e9cifique pour accompagner l\u2019exp\u00e9rience culinaire et renforcer l\u2019ambiance sociale de l\u2019espace<\/strong>. Cette carte combine des cocktails classiques r\u00e9interpr\u00e9t\u00e9s, des cr\u00e9ations propres et des options sans alcool, en maintenant un \u00e9quilibre cl\u00e9 entre le sophistiqu\u00e9 et l\u2019accessible. <\/p><p>Tout cela sous la direction de Fabi\u00e1n Ayala Rodr\u00edguez et de son \u00e9quipe : Ronald Pe\u00f1a Barco et Francisco Manuel Oca\u00f1a Moreno.<\/p>\t\t\t\t\t\t\t\t<\/div>\n\t\t\t\t<\/div>\n\t\t\t\t<\/div>\n\t\t\t\t\t<\/div>\n\t\t\t\t<\/div>\n\t\t\t\t<\/div>\n\t\t","protected":false},"excerpt":{"rendered":"<p>HISTOIRE \u00c9VOLUTION ET NOTRE ENGAGEMENT AUJOURD\u2019HUI HISTOIRE \u00c9VOLUTION ET NOTRE ENGAGEMENT AUJOURD\u2019HUI Le 10 avril 2025 Marina Origins rouvre ses portes pour cr\u00e9er un espace gastronomique innovant. En 1979, Viviana [&hellip;]<\/p>\n","protected":false},"author":1,"featured_media":0,"parent":0,"menu_order":0,"comment_status":"closed","ping_status":"closed","template":"","meta":{"footnotes":""},"class_list":["post-3514","page","type-page","status-publish","hentry"],"_links":{"self":[{"href":"https:\/\/www.marinaorigins.com\/fr\/wp-json\/wp\/v2\/pages\/3514","targetHints":{"allow":["GET"]}}],"collection":[{"href":"https:\/\/www.marinaorigins.com\/fr\/wp-json\/wp\/v2\/pages"}],"about":[{"href":"https:\/\/www.marinaorigins.com\/fr\/wp-json\/wp\/v2\/types\/page"}],"author":[{"embeddable":true,"href":"https:\/\/www.marinaorigins.com\/fr\/wp-json\/wp\/v2\/users\/1"}],"replies":[{"embeddable":true,"href":"https:\/\/www.marinaorigins.com\/fr\/wp-json\/wp\/v2\/comments?post=3514"}],"version-history":[{"count":1,"href":"https:\/\/www.marinaorigins.com\/fr\/wp-json\/wp\/v2\/pages\/3514\/revisions"}],"predecessor-version":[{"id":3515,"href":"https:\/\/www.marinaorigins.com\/fr\/wp-json\/wp\/v2\/pages\/3514\/revisions\/3515"}],"wp:attachment":[{"href":"https:\/\/www.marinaorigins.com\/fr\/wp-json\/wp\/v2\/media?parent=3514"}],"curies":[{"name":"wp","href":"https:\/\/api.w.org\/{rel}","templated":true}]}}