{"id":4089,"date":"2025-09-04T14:17:04","date_gmt":"2025-09-04T12:17:04","guid":{"rendered":"https:\/\/www.marinaorigins.com\/kontakt\/"},"modified":"2026-04-29T13:39:42","modified_gmt":"2026-04-29T11:39:42","slug":"kontakt","status":"publish","type":"page","link":"https:\/\/www.marinaorigins.com\/de\/kontakt\/","title":{"rendered":"Kontakt"},"content":{"rendered":"\t\t<div data-elementor-type=\"wp-page\" data-elementor-id=\"4089\" class=\"elementor elementor-4089 elementor-2066\" data-elementor-post-type=\"page\">\n\t\t\t\t<div class=\"elementor-element elementor-element-13d85ae9 e-con-full e-flex e-con e-parent\" data-id=\"13d85ae9\" data-element_type=\"container\" data-e-type=\"container\">\n\t\t<div class=\"elementor-element elementor-element-3acea9ff e-con-full e-flex e-con e-child\" data-id=\"3acea9ff\" data-element_type=\"container\" data-e-type=\"container\" data-settings=\"{&quot;background_background&quot;:&quot;classic&quot;}\">\n\t\t<div class=\"elementor-element elementor-element-77c80438 e-flex e-con-boxed e-con e-child\" data-id=\"77c80438\" data-element_type=\"container\" data-e-type=\"container\">\n\t\t\t\t\t<div class=\"e-con-inner\">\n\t\t\t\t<div class=\"elementor-element elementor-element-2a4b3b3 elementor-widget__width-inherit elementor-widget-divider--view-line elementor-invisible elementor-widget elementor-widget-divider\" data-id=\"2a4b3b3\" data-element_type=\"widget\" data-e-type=\"widget\" data-settings=\"{&quot;_animation&quot;:&quot;fadeInLeft&quot;}\" data-widget_type=\"divider.default\">\n\t\t\t\t<div class=\"elementor-widget-container\">\n\t\t\t\t\t\t\t<div class=\"elementor-divider\">\n\t\t\t<span class=\"elementor-divider-separator\">\n\t\t\t\t\t\t<\/span>\n\t\t<\/div>\n\t\t\t\t\t\t<\/div>\n\t\t\t\t<\/div>\n\t\t\t\t<div class=\"elementor-element elementor-element-70d5b1b elementor-widget__width-initial elementor-widget-tablet__width-inherit titulo-saborea elementor-widget elementor-widget-heading\" data-id=\"70d5b1b\" data-element_type=\"widget\" data-e-type=\"widget\" data-widget_type=\"heading.default\">\n\t\t\t\t<div class=\"elementor-widget-container\">\n\t\t\t\t\t<h2 class=\"elementor-heading-title elementor-size-default\">Kontakt<\/h2>\t\t\t\t<\/div>\n\t\t\t\t<\/div>\n\t\t\t\t<div class=\"elementor-element elementor-element-5e05db40 elementor-widget__width-inherit elementor-widget-mobile__width-inherit elementor-widget elementor-widget-text-editor\" data-id=\"5e05db40\" data-element_type=\"widget\" data-e-type=\"widget\" data-widget_type=\"text-editor.default\">\n\t\t\t\t<div class=\"elementor-widget-container\">\n\t\t\t\t\t\t\t\t\t<p>Wie k\u00f6nnen wir Ihnen helfen?<br>Z\u00f6gern Sie nicht, uns \u00fcber WhatsApp, E-Mail, Telefon oder \u00fcber unser Formular zu kontaktieren.<\/p>\t\t\t\t\t\t\t\t<\/div>\n\t\t\t\t<\/div>\n\t\t\t\t\t<\/div>\n\t\t\t\t<\/div>\n\t\t<div class=\"elementor-element elementor-element-441e9b27 e-flex e-con-boxed e-con e-child\" data-id=\"441e9b27\" data-element_type=\"container\" data-e-type=\"container\">\n\t\t\t\t\t<div class=\"e-con-inner\">\n\t\t<div class=\"elementor-element elementor-element-577dcc0f e-flex e-con-boxed e-con e-child\" data-id=\"577dcc0f\" data-element_type=\"container\" data-e-type=\"container\">\n\t\t\t\t\t<div class=\"e-con-inner\">\n\t\t\t\t<div class=\"elementor-element elementor-element-bdf3328 elementor-widget__width-initial elementor-widget-mobile__width-inherit datos-origins elementor-icon-list--layout-traditional elementor-list-item-link-full_width elementor-widget elementor-widget-icon-list\" data-id=\"bdf3328\" data-element_type=\"widget\" data-e-type=\"widget\" data-widget_type=\"icon-list.default\">\n\t\t\t\t<div class=\"elementor-widget-container\">\n\t\t\t\t\t\t\t<ul class=\"elementor-icon-list-items\">\n\t\t\t\t\t\t\t<li class=\"elementor-icon-list-item\">\n\t\t\t\t\t\t\t\t\t\t\t<span class=\"elementor-icon-list-icon\">\n\t\t\t\t\t\t\t<svg xmlns=\"http:\/\/www.w3.org\/2000\/svg\" xmlns:xlink=\"http:\/\/www.w3.org\/1999\/xlink\" id=\"Capa_1\" x=\"0px\" y=\"0px\" viewBox=\"0 0 40 40\" style=\"enable-background:new 0 0 40 40;\" xml:space=\"preserve\"><style type=\"text\/css\">\t.st0{fill:#546F6F;}<\/style><g id=\"Pin\">\t<path class=\"st0\" d=\"M20.3,9.4c-3.4,0-6.1,2.7-6.1,6.1s2.7,6.1,6.1,6.1s6.1-2.7,6.1-6.1C26.4,12.1,23.6,9.4,20.3,9.4z M20.3,20.5  c-2.8,0-5-2.2-5-5s2.2-5,5-5s5,2.2,5,5C25.3,18.3,23,20.5,20.3,20.5z\"><\/path>\t<path class=\"st0\" d=\"M20.3,2.1c-7.4,0-13.4,6-13.4,13.4c0,9.6,12.5,21.6,13,22.1c0.2,0.2,0.6,0.2,0.8,0c0.5-0.5,13-12.5,13-22.1  C33.6,8.1,27.6,2.1,20.3,2.1z M20.3,36.5C18.1,34.3,8,23.7,8,15.5C8,8.7,13.5,3.3,20.3,3.3s12.3,5.5,12.3,12.3  C32.5,23.7,22.4,34.3,20.3,36.5z\"><\/path><\/g><\/svg>\t\t\t\t\t\t<\/span>\n\t\t\t\t\t\t\t\t\t\t<span class=\"elementor-icon-list-text\">Av. de l'Alegr\u00eda, 03194 la Marina, Alicante<\/span>\n\t\t\t\t\t\t\t\t\t<\/li>\n\t\t\t\t\t\t\t\t<li class=\"elementor-icon-list-item\">\n\t\t\t\t\t\t\t\t\t\t\t<a href=\"tel:966185999\">\n\n\t\t\t\t\t\t\t\t\t\t\t\t<span class=\"elementor-icon-list-icon\">\n\t\t\t\t\t\t\t<svg xmlns=\"http:\/\/www.w3.org\/2000\/svg\" xmlns:xlink=\"http:\/\/www.w3.org\/1999\/xlink\" id=\"Capa_1\" x=\"0px\" y=\"0px\" viewBox=\"0 0 40 40\" style=\"enable-background:new 0 0 40 40;\" xml:space=\"preserve\"><style type=\"text\/css\">\t.st0{fill:#546F6F;}<\/style><g>\t<g>\t\t<g>\t\t\t<path class=\"st0\" d=\"M32.5,7.5c-7-6.7-18-6.7-25,0C0.6,14.6,0.8,26,8,32.9c7,6.7,18,6.7,25,0C39.8,25.7,39.6,14.3,32.5,7.5z     M32.1,32L32.1,32c-6.6,6.5-17.2,6.5-23.7,0s-6.5-17.2,0-23.7s17.2-6.5,23.7,0c3.1,3.1,4.9,7.4,4.9,11.9    C37,24.6,35.2,28.9,32.1,32z\"><\/path>\t\t<\/g>\t<\/g><\/g><g>\t<g>\t\t<path class=\"st0\" d=\"M30.3,25.3L27,21.9c-0.8-0.8-2-0.8-2.8,0c0,0,0,0,0,0l-1.9,1.9c-0.1,0.1-0.4,0.2-0.5,0c-1.1-0.7-2-1.6-3-2.5   c-0.8-0.8-1.6-1.7-2.2-2.6c-0.1-0.2-0.1-0.4,0-0.5l2-2c0.8-0.8,0.8-2,0-2.8l-3.4-3.4c-0.8-0.7-2-0.7-2.8,0l-1.1,1.1   c-1.6,1.6-2.2,4-1.5,6.1c0.5,1.6,1.3,3.1,2.2,4.4c0.8,1.3,1.8,2.4,2.9,3.5c1.2,1.2,2.5,2.2,3.9,3.1c1.5,1,3.2,1.7,5,2.2   c0.5,0.1,0.9,0.2,1.4,0.2c1.6,0,3.1-0.7,4.3-1.8l0.9-0.9C31.1,27.3,31.1,26,30.3,25.3z M29.5,27.2C29.5,27.2,29.5,27.2,29.5,27.2   L29.5,27.2l-0.9,0.9c-1.2,1.2-2.9,1.7-4.5,1.3c-1.6-0.4-3.2-1.1-4.6-2.1c-1.3-0.8-2.5-1.8-3.6-2.9c-1-1-1.9-2.1-2.7-3.3   c-0.9-1.3-1.6-2.7-2-4.1c-0.6-1.7-0.1-3.6,1.2-4.9l1.1-1.1c0.3-0.3,0.8-0.3,1.1,0c0,0,0,0,0,0l3.4,3.4c0.3,0.3,0.3,0.8,0,1.1   c0,0,0,0,0,0l-2,2c-0.6,0.6-0.6,1.5-0.2,2.1c0.7,1,1.5,1.9,2.4,2.8c1,1,2,1.8,3.1,2.6c0.6,0.4,1.5,0.4,2.1-0.2l1.9-1.9   c0.3-0.3,0.8-0.3,1.1,0c0,0,0,0,0,0l3.4,3.4C29.8,26.4,29.8,26.9,29.5,27.2z\"><\/path>\t<\/g><\/g><\/svg>\t\t\t\t\t\t<\/span>\n\t\t\t\t\t\t\t\t\t\t<span class=\"elementor-icon-list-text\">966 18 59 99<\/span>\n\t\t\t\t\t\t\t\t\t\t\t<\/a>\n\t\t\t\t\t\t\t\t\t<\/li>\n\t\t\t\t\t\t\t\t<li class=\"elementor-icon-list-item\">\n\t\t\t\t\t\t\t\t\t\t\t<span class=\"elementor-icon-list-icon\">\n\t\t\t\t\t\t\t<svg xmlns=\"http:\/\/www.w3.org\/2000\/svg\" xmlns:xlink=\"http:\/\/www.w3.org\/1999\/xlink\" id=\"Capa_1\" x=\"0px\" y=\"0px\" viewBox=\"0 0 40 40\" style=\"enable-background:new 0 0 40 40;\" xml:space=\"preserve\"><style type=\"text\/css\">\t.st0{fill:#546F6F;}<\/style><g>\t<g>\t\t<g>\t\t\t<path class=\"st0\" d=\"M32.5,7.5c-7-6.7-18-6.7-25,0C0.6,14.6,0.8,26,8,32.9c7,6.7,18,6.7,25,0C39.8,25.7,39.6,14.3,32.5,7.5z     M32.1,32L32.1,32c-6.6,6.5-17.2,6.5-23.7,0s-6.5-17.2,0-23.7s17.2-6.5,23.7,0c3.1,3.1,4.9,7.4,4.9,11.9    C37,24.6,35.2,28.9,32.1,32z\"><\/path>\t\t<\/g>\t<\/g><\/g><path class=\"st0\" d=\"M25.8,22.5C25.8,22.5,25.8,22.5,25.8,22.5l-5.7-1.9c-0.2-0.1-0.4-0.3-0.4-0.5V9.8c0-0.3,0.3-0.6,0.6-0.6 s0.6,0.3,0.6,0.6v9.8l5.3,1.8c0.3,0.1,0.4,0.4,0.3,0.7c-0.1,0.2-0.3,0.4-0.5,0.4L25.8,22.5z\"><\/path><\/svg>\t\t\t\t\t\t<\/span>\n\t\t\t\t\t\t\t\t\t\t<span class=\"elementor-icon-list-text\">Ge\u00f6ffnet von Montag bis Sonntag<br> von 13:00 bis 23:00 Uhr<\/span>\n\t\t\t\t\t\t\t\t\t<\/li>\n\t\t\t\t\t\t<\/ul>\n\t\t\t\t\t\t<\/div>\n\t\t\t\t<\/div>\n\t\t\t\t\t<\/div>\n\t\t\t\t<\/div>\n\t\t<div class=\"elementor-element elementor-element-4a572c09 e-flex e-con-boxed e-con e-child\" data-id=\"4a572c09\" data-element_type=\"container\" data-e-type=\"container\">\n\t\t\t\t\t<div class=\"e-con-inner\">\n\t\t\t\t\t<\/div>\n\t\t\t\t<\/div>\n\t\t\t\t\t<\/div>\n\t\t\t\t<\/div>\n\t\t\t\t<\/div>\n\t\t<div class=\"elementor-element elementor-element-2cb7b16d e-con-full e-flex e-con e-child\" data-id=\"2cb7b16d\" data-element_type=\"container\" data-e-type=\"container\" data-settings=\"{&quot;background_background&quot;:&quot;classic&quot;}\">\n\t\t\t\t<div class=\"elementor-element elementor-element-5b96b853 elementor-widget__width-inherit elementor-widget-mobile__width-inherit elementor-widget elementor-widget-text-editor\" data-id=\"5b96b853\" data-element_type=\"widget\" data-e-type=\"widget\" data-widget_type=\"text-editor.default\">\n\t\t\t\t<div class=\"elementor-widget-container\">\n\t\t\t\t\t\t\t\t\t<p>F\u00fcllen Sie das folgende Formular aus und wir werden Sie so schnell wie m\u00f6glich kontaktieren.<\/p>\t\t\t\t\t\t\t\t<\/div>\n\t\t\t\t<\/div>\n\t\t\t\t<div class=\"elementor-element elementor-element-3b531289 elementor-button-align-center elementor-widget elementor-widget-form\" data-id=\"3b531289\" data-element_type=\"widget\" data-e-type=\"widget\" data-settings=\"{&quot;step_next_label&quot;:&quot;Weiter&quot;,&quot;step_previous_label&quot;:&quot;Zur\\u00fcck&quot;,&quot;button_width_tablet&quot;:&quot;100&quot;,&quot;button_width&quot;:&quot;100&quot;,&quot;step_type&quot;:&quot;number_text&quot;,&quot;step_icon_shape&quot;:&quot;circle&quot;}\" data-widget_type=\"form.default\">\n\t\t\t\t<div class=\"elementor-widget-container\">\n\t\t\t\t\t\t\t<form class=\"elementor-form\" method=\"post\" name=\"Kontaktformular\" aria-label=\"Kontaktformular\">\n\t\t\t<input type=\"hidden\" name=\"post_id\" value=\"4089\"\/>\n\t\t\t<input type=\"hidden\" name=\"form_id\" value=\"3b531289\"\/>\n\t\t\t<input type=\"hidden\" name=\"referer_title\" value=\"Kontakt\" \/>\n\n\t\t\t\t\t\t\t<input type=\"hidden\" name=\"queried_id\" value=\"4089\"\/>\n\t\t\t\n\t\t\t<div class=\"elementor-form-fields-wrapper elementor-labels-\">\n\t\t\t\t\t\t\t\t<div class=\"elementor-field-type-text elementor-field-group elementor-column elementor-field-group-name elementor-col-100 elementor-field-required\">\n\t\t\t\t\t\t\t\t\t\t\t\t<label for=\"form-field-name\" class=\"elementor-field-label elementor-screen-only\">\n\t\t\t\t\t\t\t\tIhr Name\t\t\t\t\t\t\t<\/label>\n\t\t\t\t\t\t\t\t\t\t\t\t\t\t<input size=\"1\" type=\"text\" name=\"form_fields[name]\" id=\"form-field-name\" class=\"elementor-field elementor-size-md  elementor-field-textual\" placeholder=\"Name\" required=\"required\">\n\t\t\t\t\t\t\t\t\t\t\t<\/div>\n\t\t\t\t\t\t\t\t<div class=\"elementor-field-type-email elementor-field-group elementor-column elementor-field-group-email elementor-col-50 elementor-md-50 elementor-field-required\">\n\t\t\t\t\t\t\t\t\t\t\t\t<label for=\"form-field-email\" class=\"elementor-field-label elementor-screen-only\">\n\t\t\t\t\t\t\t\tIhre E-Mail\t\t\t\t\t\t\t<\/label>\n\t\t\t\t\t\t\t\t\t\t\t\t\t\t<input size=\"1\" type=\"email\" name=\"form_fields[email]\" id=\"form-field-email\" class=\"elementor-field elementor-size-md  elementor-field-textual\" placeholder=\"E-Mail\" required=\"required\">\n\t\t\t\t\t\t\t\t\t\t\t<\/div>\n\t\t\t\t\t\t\t\t<div class=\"elementor-field-type-tel elementor-field-group elementor-column elementor-field-group-field_5057311 elementor-col-50 elementor-md-50 elementor-field-required\">\n\t\t\t\t\t\t\t\t\t\t\t\t<label for=\"form-field-field_5057311\" class=\"elementor-field-label elementor-screen-only\">\n\t\t\t\t\t\t\t\tTelefonnummer\t\t\t\t\t\t\t<\/label>\n\t\t\t\t\t\t\t\t<input size=\"1\" type=\"tel\" name=\"form_fields[field_5057311]\" id=\"form-field-field_5057311\" class=\"elementor-field elementor-size-md  elementor-field-textual\" placeholder=\"Telefonnummer\" required=\"required\" pattern=\"[0-9()#&amp;+*-=.]+\" title=\"Nur Nummern oder Telefon-Zeichen (#, -, *, etc) werden akzeptiert.\">\n\n\t\t\t\t\t\t<\/div>\n\t\t\t\t\t\t\t\t<div class=\"elementor-field-type-textarea elementor-field-group elementor-column elementor-field-group-field_71766c7 elementor-col-100\">\n\t\t\t\t\t\t\t\t\t\t\t\t<label for=\"form-field-field_71766c7\" class=\"elementor-field-label elementor-screen-only\">\n\t\t\t\t\t\t\t\tNachricht\t\t\t\t\t\t\t<\/label>\n\t\t\t\t\t\t<textarea class=\"elementor-field-textual elementor-field  elementor-size-md\" name=\"form_fields[field_71766c7]\" id=\"form-field-field_71766c7\" rows=\"4\" placeholder=\"Nachricht\"><\/textarea>\t\t\t\t<\/div>\n\t\t\t\t\t\t\t\t<div class=\"elementor-field-type-acceptance elementor-field-group elementor-column elementor-field-group-field_e1c5ddf elementor-col-100\">\n\t\t\t\t\t\t\t<div class=\"elementor-field-subgroup\">\n\t\t\t<span class=\"elementor-field-option\">\n\t\t\t\t<input type=\"checkbox\" name=\"form_fields[field_e1c5ddf]\" id=\"form-field-field_e1c5ddf\" class=\"elementor-field elementor-size-md  elementor-acceptance-field\">\n\t\t\t\t<label for=\"form-field-field_e1c5ddf\">Ich habe die <a href=\"https:\/\/www.marinaorigins.com\/wp-content\/uploads\/2026\/04\/Politica-de-privacidad-aviso-legal-Marina-Origins.pdf\">Datenschutzrichtlinie<\/a> gelesen und akzeptiere sie.<\/label>\t\t\t<\/span>\n\t\t<\/div>\n\t\t\t\t\t\t<\/div>\n\t\t\t\t\t\t\t\t<div class=\"elementor-field-group elementor-column elementor-field-type-submit elementor-col-100 e-form__buttons elementor-md-100\">\n\t\t\t\t\t<button class=\"elementor-button elementor-size-md\" type=\"submit\">\n\t\t\t\t\t\t<span class=\"elementor-button-content-wrapper\">\n\t\t\t\t\t\t\t\t\t\t\t\t\t\t\t\t\t\t\t\t\t\t<span class=\"elementor-button-text\">Senden<\/span>\n\t\t\t\t\t\t\t\t\t\t\t\t\t<\/span>\n\t\t\t\t\t<\/button>\n\t\t\t\t<\/div>\n\t\t\t<\/div>\n\t\t<\/form>\n\t\t\t\t\t\t<\/div>\n\t\t\t\t<\/div>\n\t\t\t\t<\/div>\n\t\t\t\t<\/div>\n\t\t<div class=\"elementor-element elementor-element-7ddb872 e-con-full elementor-hidden-mobile elementor-hidden-desktop elementor-hidden-tablet e-flex e-con e-parent\" data-id=\"7ddb872\" data-element_type=\"container\" data-e-type=\"container\" data-settings=\"{&quot;background_background&quot;:&quot;classic&quot;}\">\n\t\t\t\t<div class=\"elementor-element elementor-element-9c6aa67 elementor-widget__width-inherit elementor-invisible elementor-widget elementor-widget-image\" data-id=\"9c6aa67\" data-element_type=\"widget\" data-e-type=\"widget\" data-settings=\"{&quot;_animation&quot;:&quot;fadeInUp&quot;}\" data-widget_type=\"image.default\">\n\t\t\t\t<div class=\"elementor-widget-container\">\n\t\t\t\t\t\t\t\t\t\t\t\t\t\t\t\t<a href=\"https:\/\/maps.app.goo.gl\/Y4snQjtfTAxK3yZk9\" target=\"_blank\">\n\t\t\t\t\t\t\t<img fetchpriority=\"high\" decoding=\"async\" width=\"1700\" height=\"450\" src=\"https:\/\/www.marinaorigins.com\/wp-content\/uploads\/2025\/05\/mapa-marina-origins.jpg\" class=\"attachment-full size-full wp-image-3339\" alt=\"\" srcset=\"https:\/\/www.marinaorigins.com\/wp-content\/uploads\/2025\/05\/mapa-marina-origins.jpg 1700w, https:\/\/www.marinaorigins.com\/wp-content\/uploads\/2025\/05\/mapa-marina-origins-300x79.jpg 300w, https:\/\/www.marinaorigins.com\/wp-content\/uploads\/2025\/05\/mapa-marina-origins-1024x271.jpg 1024w, https:\/\/www.marinaorigins.com\/wp-content\/uploads\/2025\/05\/mapa-marina-origins-768x203.jpg 768w, https:\/\/www.marinaorigins.com\/wp-content\/uploads\/2025\/05\/mapa-marina-origins-1536x407.jpg 1536w\" sizes=\"(max-width: 1700px) 100vw, 1700px\" \/>\t\t\t\t\t\t\t\t<\/a>\n\t\t\t\t\t\t\t\t\t\t\t\t\t\t\t<\/div>\n\t\t\t\t<\/div>\n\t\t\t\t<\/div>\n\t\t<div class=\"elementor-element elementor-element-59f267f e-con-full elementor-hidden-tablet elementor-hidden-desktop elementor-hidden-mobile e-flex e-con e-parent\" data-id=\"59f267f\" data-element_type=\"container\" data-e-type=\"container\" data-settings=\"{&quot;background_background&quot;:&quot;classic&quot;}\">\n\t\t\t\t<div class=\"elementor-element elementor-element-d764056 elementor-widget__width-inherit elementor-invisible elementor-widget elementor-widget-image\" data-id=\"d764056\" data-element_type=\"widget\" data-e-type=\"widget\" data-settings=\"{&quot;_animation&quot;:&quot;fadeInUp&quot;}\" data-widget_type=\"image.default\">\n\t\t\t\t<div class=\"elementor-widget-container\">\n\t\t\t\t\t\t\t\t\t\t\t\t\t\t\t\t<a href=\"https:\/\/maps.app.goo.gl\/Y4snQjtfTAxK3yZk9\" target=\"_blank\">\n\t\t\t\t\t\t\t<img decoding=\"async\" width=\"450\" height=\"450\" src=\"https:\/\/www.marinaorigins.com\/wp-content\/uploads\/2025\/05\/mapa-marina-origins-responsive.jpg\" class=\"attachment-full size-full wp-image-3340\" alt=\"\" srcset=\"https:\/\/www.marinaorigins.com\/wp-content\/uploads\/2025\/05\/mapa-marina-origins-responsive.jpg 450w, https:\/\/www.marinaorigins.com\/wp-content\/uploads\/2025\/05\/mapa-marina-origins-responsive-300x300.jpg 300w, https:\/\/www.marinaorigins.com\/wp-content\/uploads\/2025\/05\/mapa-marina-origins-responsive-150x150.jpg 150w\" sizes=\"(max-width: 450px) 100vw, 450px\" \/>\t\t\t\t\t\t\t\t<\/a>\n\t\t\t\t\t\t\t\t\t\t\t\t\t\t\t<\/div>\n\t\t\t\t<\/div>\n\t\t\t\t<\/div>\n\t\t<div class=\"elementor-element elementor-element-5ad98019 e-con-full e-flex e-con e-parent\" data-id=\"5ad98019\" data-element_type=\"container\" data-e-type=\"container\" data-settings=\"{&quot;background_background&quot;:&quot;classic&quot;}\">\n\t\t<div class=\"elementor-element elementor-element-6e72a298 e-con-full e-flex e-con e-child\" data-id=\"6e72a298\" data-element_type=\"container\" data-e-type=\"container\" data-settings=\"{&quot;background_background&quot;:&quot;classic&quot;}\">\n\t\t\t\t<div class=\"elementor-element elementor-element-20847a00 elementor-widget elementor-widget-google_maps\" data-id=\"20847a00\" data-element_type=\"widget\" data-e-type=\"widget\" data-widget_type=\"google_maps.default\">\n\t\t\t\t<div class=\"elementor-widget-container\">\n\t\t\t\t\t\t\t<div class=\"elementor-custom-embed\">\n\t\t\t<iframe loading=\"lazy\"\n\t\t\t\t\tsrc=\"https:\/\/maps.google.com\/maps?q=Marina%20Origins&#038;t=m&#038;z=17&#038;output=embed&#038;iwloc=near\"\n\t\t\t\t\ttitle=\"Marina Origins\"\n\t\t\t\t\taria-label=\"Marina Origins\"\n\t\t\t><\/iframe>\n\t\t<\/div>\n\t\t\t\t\t\t<\/div>\n\t\t\t\t<\/div>\n\t\t\t\t<\/div>\n\t\t\t\t<\/div>\n\t\t<div class=\"elementor-element elementor-element-19e22d2f elementor-hidden-desktop elementor-hidden-tablet elementor-hidden-mobile e-flex e-con-boxed e-con e-parent\" data-id=\"19e22d2f\" data-element_type=\"container\" data-e-type=\"container\">\n\t\t\t\t\t<div class=\"e-con-inner\">\n\t\t\t\t<div class=\"elementor-element elementor-element-41123590 elementor-widget elementor-widget-heading\" data-id=\"41123590\" data-element_type=\"widget\" data-e-type=\"widget\" data-widget_type=\"heading.default\">\n\t\t\t\t<div class=\"elementor-widget-container\">\n\t\t\t\t\t<h3 class=\"elementor-heading-title elementor-size-default\">Abonnieren Sie unseren Newsletter<\/h3>\t\t\t\t<\/div>\n\t\t\t\t<\/div>\n\t\t\t\t<div class=\"elementor-element elementor-element-68473bdf elementor-widget elementor-widget-text-editor\" data-id=\"68473bdf\" data-element_type=\"widget\" data-e-type=\"widget\" data-widget_type=\"text-editor.default\">\n\t\t\t\t<div class=\"elementor-widget-container\">\n\t\t\t\t\t\t\t\t\t<p>Abonnieren Sie, um unsere neuesten Updates in Ihrem Posteingang zu erhalten!<\/p>\t\t\t\t\t\t\t\t<\/div>\n\t\t\t\t<\/div>\n\t\t\t\t<div class=\"elementor-element elementor-element-7e9d50dd elementor-button-align-end elementor-mobile-button-align-center elementor-widget elementor-widget-form\" data-id=\"7e9d50dd\" data-element_type=\"widget\" data-e-type=\"widget\" data-settings=\"{&quot;button_width&quot;:&quot;40&quot;,&quot;step_next_label&quot;:&quot;Weiter&quot;,&quot;step_previous_label&quot;:&quot;Zur\\u00fcck&quot;,&quot;step_type&quot;:&quot;number_text&quot;,&quot;step_icon_shape&quot;:&quot;circle&quot;}\" data-widget_type=\"form.default\">\n\t\t\t\t<div class=\"elementor-widget-container\">\n\t\t\t\t\t\t\t<form class=\"elementor-form\" method=\"post\" name=\"Newsletter-Formular\" aria-label=\"Newsletter-Formular\">\n\t\t\t<input type=\"hidden\" name=\"post_id\" value=\"4089\"\/>\n\t\t\t<input type=\"hidden\" name=\"form_id\" value=\"7e9d50dd\"\/>\n\t\t\t<input type=\"hidden\" name=\"referer_title\" value=\"Kontakt\" \/>\n\n\t\t\t\t\t\t\t<input type=\"hidden\" name=\"queried_id\" value=\"4089\"\/>\n\t\t\t\n\t\t\t<div class=\"elementor-form-fields-wrapper elementor-labels-\">\n\t\t\t\t\t\t\t\t<div class=\"elementor-field-type-email elementor-field-group elementor-column elementor-field-group-email elementor-col-60 elementor-sm-100 elementor-field-required\">\n\t\t\t\t\t\t\t\t\t\t\t\t<label for=\"form-field-email\" class=\"elementor-field-label elementor-screen-only\">\n\t\t\t\t\t\t\t\tE-Mail\t\t\t\t\t\t\t<\/label>\n\t\t\t\t\t\t\t\t\t\t\t\t\t\t<input size=\"1\" type=\"email\" name=\"form_fields[email]\" id=\"form-field-email\" class=\"elementor-field elementor-size-md  elementor-field-textual\" placeholder=\"Ihre E-Mail\" required=\"required\">\n\t\t\t\t\t\t\t\t\t\t\t<\/div>\n\t\t\t\t\t\t\t\t<div class=\"elementor-field-group elementor-column elementor-field-type-submit elementor-col-40 e-form__buttons\">\n\t\t\t\t\t<button class=\"elementor-button elementor-size-md\" type=\"submit\">\n\t\t\t\t\t\t<span class=\"elementor-button-content-wrapper\">\n\t\t\t\t\t\t\t\t\t\t\t\t\t\t\t\t\t\t\t\t\t\t<span class=\"elementor-button-text\">Anmelden<\/span>\n\t\t\t\t\t\t\t\t\t\t\t\t\t<\/span>\n\t\t\t\t\t<\/button>\n\t\t\t\t<\/div>\n\t\t\t<\/div>\n\t\t<\/form>\n\t\t\t\t\t\t<\/div>\n\t\t\t\t<\/div>\n\t\t\t\t\t<\/div>\n\t\t\t\t<\/div>\n\t\t<div class=\"elementor-element elementor-element-55dd97d8 e-con-full elementor-hidden-desktop elementor-hidden-tablet elementor-hidden-mobile e-flex e-con e-parent\" data-id=\"55dd97d8\" data-element_type=\"container\" data-e-type=\"container\" data-settings=\"{&quot;background_background&quot;:&quot;classic&quot;}\">\n\t\t\t\t<div class=\"elementor-element elementor-element-34606896 elementor-icon-list--layout-inline elementor-align-center elementor-mobile-align-center elementor-list-item-link-full_width elementor-widget elementor-widget-icon-list\" data-id=\"34606896\" data-element_type=\"widget\" data-e-type=\"widget\" data-widget_type=\"icon-list.default\">\n\t\t\t\t<div class=\"elementor-widget-container\">\n\t\t\t\t\t\t\t<ul class=\"elementor-icon-list-items elementor-inline-items\">\n\t\t\t\t\t\t\t<li class=\"elementor-icon-list-item elementor-inline-item\">\n\t\t\t\t\t\t\t\t\t\t<span class=\"elementor-icon-list-text\">\u00a9  2026 Alle Rechte vorbehalten.<\/span>\n\t\t\t\t\t\t\t\t\t<\/li>\n\t\t\t\t\t\t\t\t<li class=\"elementor-icon-list-item elementor-inline-item\">\n\t\t\t\t\t\t\t\t\t\t<span class=\"elementor-icon-list-text\">Contact@Mysite.com |<\/span>\n\t\t\t\t\t\t\t\t\t<\/li>\n\t\t\t\t\t\t\t\t<li class=\"elementor-icon-list-item elementor-inline-item\">\n\t\t\t\t\t\t\t\t\t\t<span class=\"elementor-icon-list-text\">123-456-7890  <\/span>\n\t\t\t\t\t\t\t\t\t<\/li>\n\t\t\t\t\t\t<\/ul>\n\t\t\t\t\t\t<\/div>\n\t\t\t\t<\/div>\n\t\t\t\t<\/div>\n\t\t\t\t<\/div>\n\t\t","protected":false},"excerpt":{"rendered":"<p>Kontakt Wie k\u00f6nnen wir Ihnen helfen?Z\u00f6gern Sie nicht, uns \u00fcber WhatsApp, E-Mail, Telefon oder \u00fcber unser Formular zu kontaktieren. .st0{fill:#546F6F;} Av. de l&#8217;Alegr\u00eda, 03194 la Marina, Alicante .st0{fill:#546F6F;} 966 18 [&hellip;]<\/p>\n","protected":false},"author":1,"featured_media":0,"parent":0,"menu_order":0,"comment_status":"closed","ping_status":"closed","template":"","meta":{"footnotes":""},"class_list":["post-4089","page","type-page","status-publish","hentry"],"_links":{"self":[{"href":"https:\/\/www.marinaorigins.com\/de\/wp-json\/wp\/v2\/pages\/4089","targetHints":{"allow":["GET"]}}],"collection":[{"href":"https:\/\/www.marinaorigins.com\/de\/wp-json\/wp\/v2\/pages"}],"about":[{"href":"https:\/\/www.marinaorigins.com\/de\/wp-json\/wp\/v2\/types\/page"}],"author":[{"embeddable":true,"href":"https:\/\/www.marinaorigins.com\/de\/wp-json\/wp\/v2\/users\/1"}],"replies":[{"embeddable":true,"href":"https:\/\/www.marinaorigins.com\/de\/wp-json\/wp\/v2\/comments?post=4089"}],"version-history":[{"count":2,"href":"https:\/\/www.marinaorigins.com\/de\/wp-json\/wp\/v2\/pages\/4089\/revisions"}],"predecessor-version":[{"id":4091,"href":"https:\/\/www.marinaorigins.com\/de\/wp-json\/wp\/v2\/pages\/4089\/revisions\/4091"}],"wp:attachment":[{"href":"https:\/\/www.marinaorigins.com\/de\/wp-json\/wp\/v2\/media?parent=4089"}],"curies":[{"name":"wp","href":"https:\/\/api.w.org\/{rel}","templated":true}]}}