{"id":3516,"date":"2025-10-20T13:02:56","date_gmt":"2025-10-20T11:02:56","guid":{"rendered":"https:\/\/www.marinaorigins.com\/geschichte\/"},"modified":"2026-04-21T14:11:39","modified_gmt":"2026-04-21T12:11:39","slug":"geschichte","status":"publish","type":"page","link":"https:\/\/www.marinaorigins.com\/de\/geschichte\/","title":{"rendered":"Geschichte"},"content":{"rendered":"\t\t<div data-elementor-type=\"wp-page\" data-elementor-id=\"3516\" class=\"elementor elementor-3516 elementor-2717\" data-elementor-post-type=\"page\">\n\t\t\t\t<div class=\"elementor-element elementor-element-8b742b2 e-con-full e-flex e-con e-parent\" data-id=\"8b742b2\" data-element_type=\"container\" data-e-type=\"container\">\n\t\t\t\t<div class=\"elementor-element elementor-element-943aef6 elementor-pagination-type-bullets elementor-arrows-position-inside elementor-pagination-position-outside elementor-widget elementor-widget-n-carousel\" data-id=\"943aef6\" data-element_type=\"widget\" data-e-type=\"widget\" data-settings=\"{&quot;carousel_items&quot;:[{&quot;slide_title&quot;:&quot;Diapositiva n\\u00ba 2&quot;,&quot;_id&quot;:&quot;1d3de04&quot;}],&quot;slides_to_show&quot;:&quot;1&quot;,&quot;slides_to_show_tablet&quot;:&quot;1&quot;,&quot;slides_to_show_mobile&quot;:&quot;1&quot;,&quot;autoplay&quot;:&quot;yes&quot;,&quot;autoplay_speed&quot;:5000,&quot;pause_on_hover&quot;:&quot;yes&quot;,&quot;pause_on_interaction&quot;:&quot;yes&quot;,&quot;infinite&quot;:&quot;yes&quot;,&quot;speed&quot;:500,&quot;offset_sides&quot;:&quot;none&quot;,&quot;arrows&quot;:&quot;yes&quot;,&quot;pagination&quot;:&quot;bullets&quot;,&quot;image_spacing_custom&quot;:{&quot;unit&quot;:&quot;px&quot;,&quot;size&quot;:10,&quot;sizes&quot;:[]},&quot;image_spacing_custom_tablet&quot;:{&quot;unit&quot;:&quot;px&quot;,&quot;size&quot;:&quot;&quot;,&quot;sizes&quot;:[]},&quot;image_spacing_custom_mobile&quot;:{&quot;unit&quot;:&quot;px&quot;,&quot;size&quot;:&quot;&quot;,&quot;sizes&quot;:[]}}\" data-widget_type=\"nested-carousel.default\">\n\t\t\t\t<div class=\"elementor-widget-container\">\n\t\t\t\t\t\t\t<div class=\"e-n-carousel swiper\" role=\"region\" aria-roledescription=\"carousel\" aria-label=\"Carrusel\" dir=\"ltr\">\n\t\t\t<div class=\"swiper-wrapper\" aria-live=\"off\">\n\t\t\t\t\t\t\t\t\t\t<div class=\"swiper-slide\" data-slide=\"1\" role=\"group\" aria-roledescription=\"slide\" aria-label=\"1 von 1\">\n\t\t\t\t\t\t\t<div class=\"elementor-element elementor-element-596a388 e-flex e-con-boxed e-con e-child\" data-id=\"596a388\" data-element_type=\"container\" data-e-type=\"container\">\n\t\t\t\t\t<div class=\"e-con-inner\">\n\t\t<div class=\"elementor-element elementor-element-e712e05 e-con-full e-flex e-con e-child\" data-id=\"e712e05\" data-element_type=\"container\" data-e-type=\"container\">\n\t\t<div class=\"elementor-element elementor-element-dc40cec e-con-full e-flex e-con e-child\" data-id=\"dc40cec\" data-element_type=\"container\" data-e-type=\"container\">\n\t\t\t\t<div class=\"elementor-element elementor-element-87f3717 elementor-widget__width-inherit elementor-widget-divider--view-line elementor-invisible elementor-widget elementor-widget-divider\" data-id=\"87f3717\" data-element_type=\"widget\" data-e-type=\"widget\" data-settings=\"{&quot;_animation&quot;:&quot;fadeInLeft&quot;}\" data-widget_type=\"divider.default\">\n\t\t\t\t<div class=\"elementor-widget-container\">\n\t\t\t\t\t\t\t<div class=\"elementor-divider\">\n\t\t\t<span class=\"elementor-divider-separator\">\n\t\t\t\t\t\t<\/span>\n\t\t<\/div>\n\t\t\t\t\t\t<\/div>\n\t\t\t\t<\/div>\n\t\t\t\t<div class=\"elementor-element elementor-element-791ba64 elementor-widget__width-initial elementor-widget-tablet__width-inherit titulo-saborea elementor-widget elementor-widget-heading\" data-id=\"791ba64\" data-element_type=\"widget\" data-e-type=\"widget\" data-widget_type=\"heading.default\">\n\t\t\t\t<div class=\"elementor-widget-container\">\n\t\t\t\t\t<h2 class=\"elementor-heading-title elementor-size-default\">GESCHICHTE<\/h2>\t\t\t\t<\/div>\n\t\t\t\t<\/div>\n\t\t\t\t<div class=\"elementor-element elementor-element-224e6ba elementor-widget__width-initial elementor-widget-tablet__width-inherit elementor-widget elementor-widget-heading\" data-id=\"224e6ba\" data-element_type=\"widget\" data-e-type=\"widget\" data-widget_type=\"heading.default\">\n\t\t\t\t<div class=\"elementor-widget-container\">\n\t\t\t\t\t<h2 class=\"elementor-heading-title elementor-size-default\">ENTWICKLUNG UND UNSER ENGAGEMENT HEUTE<\/h2>\t\t\t\t<\/div>\n\t\t\t\t<\/div>\n\t\t\t\t<\/div>\n\t\t\t\t<\/div>\n\t\t\t\t\t<\/div>\n\t\t\t\t<\/div>\n\t\t\t\t\t\t\t\t<\/div>\n\t\t\t\t\t\t\t\t<\/div>\n\t\t<\/div>\n\t\t\t\t\t\t<\/div>\n\t\t\t\t<\/div>\n\t\t\t\t<\/div>\n\t\t<div class=\"elementor-element elementor-element-9cacedc e-con-full e-flex e-con e-parent\" data-id=\"9cacedc\" data-element_type=\"container\" data-e-type=\"container\" data-settings=\"{&quot;background_background&quot;:&quot;classic&quot;,&quot;animation&quot;:&quot;none&quot;}\">\n\t\t\t\t<div class=\"elementor-element elementor-element-b0f3dc1 elementor-widget__width-inherit elementor-widget elementor-widget-image\" data-id=\"b0f3dc1\" data-element_type=\"widget\" data-e-type=\"widget\" data-settings=\"{&quot;_animation&quot;:&quot;none&quot;,&quot;_animation_mobile&quot;:&quot;none&quot;}\" data-widget_type=\"image.default\">\n\t\t\t\t<div class=\"elementor-widget-container\">\n\t\t\t\t\t\t\t\t\t\t\t\t\t\t\t<img fetchpriority=\"high\" decoding=\"async\" width=\"1700\" height=\"450\" src=\"https:\/\/www.marinaorigins.com\/wp-content\/uploads\/2025\/05\/img-presentacion-marina-origins.webp\" class=\"attachment-full size-full wp-image-3307\" alt=\"\" srcset=\"https:\/\/www.marinaorigins.com\/wp-content\/uploads\/2025\/05\/img-presentacion-marina-origins.webp 1700w, https:\/\/www.marinaorigins.com\/wp-content\/uploads\/2025\/05\/img-presentacion-marina-origins-300x79.webp 300w, https:\/\/www.marinaorigins.com\/wp-content\/uploads\/2025\/05\/img-presentacion-marina-origins-1024x271.webp 1024w, https:\/\/www.marinaorigins.com\/wp-content\/uploads\/2025\/05\/img-presentacion-marina-origins-768x203.webp 768w, https:\/\/www.marinaorigins.com\/wp-content\/uploads\/2025\/05\/img-presentacion-marina-origins-1536x407.webp 1536w\" sizes=\"(max-width: 1700px) 100vw, 1700px\" \/>\t\t\t\t\t\t\t\t\t\t\t\t\t\t\t<\/div>\n\t\t\t\t<\/div>\n\t\t\t\t<\/div>\n\t\t<div class=\"elementor-element elementor-element-eff9860 e-flex e-con-boxed e-con e-parent\" data-id=\"eff9860\" data-element_type=\"container\" data-e-type=\"container\">\n\t\t\t\t\t<div class=\"e-con-inner\">\n\t\t<div class=\"elementor-element elementor-element-beb5e50 e-con-full e-flex e-con e-child\" data-id=\"beb5e50\" data-element_type=\"container\" data-e-type=\"container\">\n\t\t\t\t<div class=\"elementor-element elementor-element-40b1671 elementor-widget__width-initial elementor-widget-mobile__width-inherit txt-largo-saborea elementor-widget elementor-widget-text-editor\" data-id=\"40b1671\" data-element_type=\"widget\" data-e-type=\"widget\" data-widget_type=\"text-editor.default\">\n\t\t\t\t<div class=\"elementor-widget-container\">\n\t\t\t\t\t\t\t\t\t<p>Am 10. April 2025 \u00f6ffnet Marina Origins erneut seine T\u00fcren, um einen innovativen gastronomischen Raum zu schaffen.<\/p><p>1979 gr\u00fcndeten Viviana Deckx Ceulemans und Guy Le Metayer das Restaurante La Marina, spezialisiert auf franz\u00f6sische K\u00fcche. Das Ehepaar legte den Grundstein f\u00fcr das Resort, beginnend mit der Gr\u00fcndung dieses Restaurants, das auf guter Gastronomie mit seinen franz\u00f6sischen und belgischen Wurzeln basierte. Der Einsatz, die W\u00e4rme der Gastfreundschaft, die Qualit\u00e4t der Produkte und die kulinarische Alchemie machten es m\u00f6glich, zu einem Referenzort in der Umgebung zu werden.  <\/p><p>Es ist wichtig zu wissen, woher wir kommen, um auf gutem Kurs zu bleiben. Mit diesen Grundlagen, den Grundlagen der K\u00fcche und der Gastfreundschaft, hat der Rest der Familie weitergearbeitet.  <\/p><p>Die Wiederer\u00f6ffnung von Marina Origins ist ein weiterer Beweis f\u00fcr diese Entwicklung, f\u00fcr unser Engagement, das Beste zu bieten. Marina Origins wird mit der Absicht neu geboren, viel mehr als ein Restaurant zu sein; wir m\u00f6chten der Ort sein, an dem du die authentischen Geschm\u00e4cker unseres Landes genie\u00dft, an dem jedes Gericht eine Geschichte erz\u00e4hlt und an dem besondere Momente rund um einen Tisch geteilt werden. <\/p><p>Samay Gruppe, die Familie Samay setzt auf ein anderes Konzept sowohl in der physischen Struktur als auch im eigenen Stil. Marina Origins ist mit einer Aufteilung auf drei Ebenen strukturiert und bietet auf jeder davon unterschiedliche Erlebnisse. <\/p><p>So bleibt das Erdgeschoss als <strong>Hauptbereich der Gastronomie<\/strong> reserviert, erg\u00e4nzt durch seinen Bereich zum Anschauen von Sportveranstaltungen und eine Bar. Die zweite Etage wird weiterhin \u00fcber <strong>eine gro\u00dfe Au\u00dfenterrasse <\/strong>mit entspannter Atmosph\u00e4re, Aussicht und ihre Diskothek verf\u00fcgen. Im Untergeschoss befindet sich der ebenfalls renovierte Indoor-Kinderspielbereich, nun direkt mit dem Hauptsaal verbunden.  <\/p><p>Origins ist der Ort, an dem jedes Mitglied der Familie, unabh\u00e4ngig vom Alter, einen bestimmten Bereich zu seinem Vergn\u00fcgen genie\u00dfen kann. W\u00e4hrend die ganze Familie isst und Familie und Freunde ihr Essen beenden, k\u00f6nnen die Kleinsten den B\u00e4llepark und das Spielzimmer genie\u00dfen, ebenso k\u00f6nnen sie die Au\u00dfenbereiche und den Jahrmarkt genie\u00dfen. <\/p><p>Neben dem t\u00e4glichen Betrieb ist das gesamte Geb\u00e4ude als Raum f\u00fcr <strong>die Entwicklung von Veranstaltungen und Feierlichkeiten<\/strong> konzipiert. Jeder der Bereiche verf\u00fcgt \u00fcber eine unabh\u00e4ngige Bar, was die Organisation von privaten Veranstaltungen und Sessions mit DJs erleichtern wird, um sein Freizeit- und Unterhaltungsangebot zu st\u00e4rken. <\/p><p>Dar\u00fcber hinaus wird das Projekt durch ein kulinarisches Konzept erg\u00e4nzt, bei dem Vielseitigkeit die wichtigste Zutat ist, mit einer einzigen Speisekarte, die verschiedene Versionen von Karten vereint. <strong>Die Speisekarte wird die Essenz der mediterranen K\u00fcche bewahren, neu interpretiert von unseren Chefs: Ana Mar\u00eda Navarro Moreno und Andr\u00e9s Mart\u00ednez Rinc\u00f3n<\/strong>. Kombiniert mit <strong>Snacks<\/strong>, in die \u201eleichtere und kreativere\u201c Optionen aufgenommen werden. Hinzu kommt <strong>eine spezielle Karte f\u00fcr Veranstaltungen<\/strong>, die f\u00fcr Feierlichkeiten sowie soziale oder gesch\u00e4ftliche Treffen entworfen wurde. Mit differenzierten Vorschl\u00e4gen zur Begleitung der Cocktailkultur.   <\/p><p>Das gesamte gastronomische Angebot basiert auf Qualit\u00e4tsprodukten, ehrlichen Geschm\u00e4ckern und \u00fcberraschenden Kombinationen, mit einer innovativen Pr\u00e4sentation, die zum Teilen gedacht ist. Es fehlen nicht Gerichte <strong>auf Basis von Grill, Reisgerichten sowie Produkten aus dem Meer und dem Gem\u00fcsegarten<\/strong> als Hauptdarsteller eines Angebots, das mit der Tradition verbunden ist, jedoch mit einem aktuellen und kreativen Blick. <\/p><p>Dieser zentrale Vorschlag wird durch einen weiteren unverzichtbaren Bestandteil verst\u00e4rkt, um den Kreis eines Lokals mit dem Anspruch, zu einem unverzichtbaren Referenzpunkt zu werden, zu schlie\u00dfen: das <strong>Cocktailangebot<\/strong>.<\/p><p>Wir verf\u00fcgen \u00fcber <strong>eine speziell gestaltete Karte, um das kulinarische Erlebnis zu begleiten und das soziale Ambiente des Raumes zu st\u00e4rken<\/strong>. Diese Karte kombiniert neu interpretierte klassische Cocktails, eigene Kreationen und alkoholfreie Optionen und bewahrt dabei ein wichtiges Gleichgewicht zwischen dem Anspruchsvollen und dem Zug\u00e4nglichen. <\/p><p>All dies unter der Leitung von Fabi\u00e1n Ayala Rodr\u00edguez und seinem Team: Ronald Pe\u00f1a Barco und Francisco Manuel Oca\u00f1a Moreno.<\/p>\t\t\t\t\t\t\t\t<\/div>\n\t\t\t\t<\/div>\n\t\t\t\t<\/div>\n\t\t\t\t\t<\/div>\n\t\t\t\t<\/div>\n\t\t\t\t<\/div>\n\t\t","protected":false},"excerpt":{"rendered":"<p>GESCHICHTE ENTWICKLUNG UND UNSER ENGAGEMENT HEUTE GESCHICHTE ENTWICKLUNG UND UNSER ENGAGEMENT HEUTE Am 10. April 2025 \u00f6ffnet Marina Origins erneut seine T\u00fcren, um einen innovativen gastronomischen Raum zu schaffen. 1979 [&hellip;]<\/p>\n","protected":false},"author":1,"featured_media":0,"parent":0,"menu_order":0,"comment_status":"closed","ping_status":"closed","template":"","meta":{"footnotes":""},"class_list":["post-3516","page","type-page","status-publish","hentry"],"_links":{"self":[{"href":"https:\/\/www.marinaorigins.com\/de\/wp-json\/wp\/v2\/pages\/3516","targetHints":{"allow":["GET"]}}],"collection":[{"href":"https:\/\/www.marinaorigins.com\/de\/wp-json\/wp\/v2\/pages"}],"about":[{"href":"https:\/\/www.marinaorigins.com\/de\/wp-json\/wp\/v2\/types\/page"}],"author":[{"embeddable":true,"href":"https:\/\/www.marinaorigins.com\/de\/wp-json\/wp\/v2\/users\/1"}],"replies":[{"embeddable":true,"href":"https:\/\/www.marinaorigins.com\/de\/wp-json\/wp\/v2\/comments?post=3516"}],"version-history":[{"count":1,"href":"https:\/\/www.marinaorigins.com\/de\/wp-json\/wp\/v2\/pages\/3516\/revisions"}],"predecessor-version":[{"id":3517,"href":"https:\/\/www.marinaorigins.com\/de\/wp-json\/wp\/v2\/pages\/3516\/revisions\/3517"}],"wp:attachment":[{"href":"https:\/\/www.marinaorigins.com\/de\/wp-json\/wp\/v2\/media?parent=3516"}],"curies":[{"name":"wp","href":"https:\/\/api.w.org\/{rel}","templated":true}]}}