{"id":3504,"date":"2025-10-20T13:02:56","date_gmt":"2025-10-20T11:02:56","guid":{"rendered":"https:\/\/www.marinaorigins.com\/historia\/"},"modified":"2026-04-21T12:40:24","modified_gmt":"2026-04-21T10:40:24","slug":"historia","status":"publish","type":"page","link":"https:\/\/www.marinaorigins.com\/ca\/historia\/","title":{"rendered":"Hist\u00f2ria"},"content":{"rendered":"\t\t<div data-elementor-type=\"wp-page\" data-elementor-id=\"3504\" class=\"elementor elementor-3504 elementor-2717\" data-elementor-post-type=\"page\">\n\t\t\t\t<div class=\"elementor-element elementor-element-8b742b2 e-con-full e-flex e-con e-parent\" data-id=\"8b742b2\" data-element_type=\"container\" data-e-type=\"container\">\n\t\t\t\t<div class=\"elementor-element elementor-element-943aef6 elementor-pagination-type-bullets elementor-arrows-position-inside elementor-pagination-position-outside elementor-widget elementor-widget-n-carousel\" data-id=\"943aef6\" data-element_type=\"widget\" data-e-type=\"widget\" data-settings=\"{&quot;carousel_items&quot;:[{&quot;slide_title&quot;:&quot;Diapositiva n\\u00ba 2&quot;,&quot;_id&quot;:&quot;1d3de04&quot;}],&quot;slides_to_show&quot;:&quot;1&quot;,&quot;slides_to_show_tablet&quot;:&quot;1&quot;,&quot;slides_to_show_mobile&quot;:&quot;1&quot;,&quot;autoplay&quot;:&quot;yes&quot;,&quot;autoplay_speed&quot;:5000,&quot;pause_on_hover&quot;:&quot;yes&quot;,&quot;pause_on_interaction&quot;:&quot;yes&quot;,&quot;infinite&quot;:&quot;yes&quot;,&quot;speed&quot;:500,&quot;offset_sides&quot;:&quot;none&quot;,&quot;arrows&quot;:&quot;yes&quot;,&quot;pagination&quot;:&quot;bullets&quot;,&quot;image_spacing_custom&quot;:{&quot;unit&quot;:&quot;px&quot;,&quot;size&quot;:10,&quot;sizes&quot;:[]},&quot;image_spacing_custom_tablet&quot;:{&quot;unit&quot;:&quot;px&quot;,&quot;size&quot;:&quot;&quot;,&quot;sizes&quot;:[]},&quot;image_spacing_custom_mobile&quot;:{&quot;unit&quot;:&quot;px&quot;,&quot;size&quot;:&quot;&quot;,&quot;sizes&quot;:[]}}\" data-widget_type=\"nested-carousel.default\">\n\t\t\t\t<div class=\"elementor-widget-container\">\n\t\t\t\t\t\t\t<div class=\"e-n-carousel swiper\" role=\"region\" aria-roledescription=\"carousel\" aria-label=\"Carrusel\" dir=\"ltr\">\n\t\t\t<div class=\"swiper-wrapper\" aria-live=\"off\">\n\t\t\t\t\t\t\t\t\t\t<div class=\"swiper-slide\" data-slide=\"1\" role=\"group\" aria-roledescription=\"slide\" aria-label=\"1 of 1\">\n\t\t\t\t\t\t\t<div class=\"elementor-element elementor-element-596a388 e-flex e-con-boxed e-con e-child\" data-id=\"596a388\" data-element_type=\"container\" data-e-type=\"container\">\n\t\t\t\t\t<div class=\"e-con-inner\">\n\t\t<div class=\"elementor-element elementor-element-e712e05 e-con-full e-flex e-con e-child\" data-id=\"e712e05\" data-element_type=\"container\" data-e-type=\"container\">\n\t\t<div class=\"elementor-element elementor-element-dc40cec e-con-full e-flex e-con e-child\" data-id=\"dc40cec\" data-element_type=\"container\" data-e-type=\"container\">\n\t\t\t\t<div class=\"elementor-element elementor-element-87f3717 elementor-widget__width-inherit elementor-widget-divider--view-line elementor-invisible elementor-widget elementor-widget-divider\" data-id=\"87f3717\" data-element_type=\"widget\" data-e-type=\"widget\" data-settings=\"{&quot;_animation&quot;:&quot;fadeInLeft&quot;}\" data-widget_type=\"divider.default\">\n\t\t\t\t<div class=\"elementor-widget-container\">\n\t\t\t\t\t\t\t<div class=\"elementor-divider\">\n\t\t\t<span class=\"elementor-divider-separator\">\n\t\t\t\t\t\t<\/span>\n\t\t<\/div>\n\t\t\t\t\t\t<\/div>\n\t\t\t\t<\/div>\n\t\t\t\t<div class=\"elementor-element elementor-element-791ba64 elementor-widget__width-initial elementor-widget-tablet__width-inherit titulo-saborea elementor-widget elementor-widget-heading\" data-id=\"791ba64\" data-element_type=\"widget\" data-e-type=\"widget\" data-widget_type=\"heading.default\">\n\t\t\t\t<div class=\"elementor-widget-container\">\n\t\t\t\t\t<h2 class=\"elementor-heading-title elementor-size-default\">HIST\u00d2RIA<\/h2>\t\t\t\t<\/div>\n\t\t\t\t<\/div>\n\t\t\t\t<div class=\"elementor-element elementor-element-224e6ba elementor-widget__width-initial elementor-widget-tablet__width-inherit elementor-widget elementor-widget-heading\" data-id=\"224e6ba\" data-element_type=\"widget\" data-e-type=\"widget\" data-widget_type=\"heading.default\">\n\t\t\t\t<div class=\"elementor-widget-container\">\n\t\t\t\t\t<h2 class=\"elementor-heading-title elementor-size-default\">EVOLUCI\u00d3 I EL NOSTRE COMPROM\u00cdS HUI<\/h2>\t\t\t\t<\/div>\n\t\t\t\t<\/div>\n\t\t\t\t<\/div>\n\t\t\t\t<\/div>\n\t\t\t\t\t<\/div>\n\t\t\t\t<\/div>\n\t\t\t\t\t\t\t\t<\/div>\n\t\t\t\t\t\t\t\t<\/div>\n\t\t<\/div>\n\t\t\t\t\t\t<\/div>\n\t\t\t\t<\/div>\n\t\t\t\t<\/div>\n\t\t<div class=\"elementor-element elementor-element-9cacedc e-con-full e-flex e-con e-parent\" data-id=\"9cacedc\" data-element_type=\"container\" data-e-type=\"container\" data-settings=\"{&quot;background_background&quot;:&quot;classic&quot;,&quot;animation&quot;:&quot;none&quot;}\">\n\t\t\t\t<div class=\"elementor-element elementor-element-b0f3dc1 elementor-widget__width-inherit elementor-widget elementor-widget-image\" data-id=\"b0f3dc1\" data-element_type=\"widget\" data-e-type=\"widget\" data-settings=\"{&quot;_animation&quot;:&quot;none&quot;,&quot;_animation_mobile&quot;:&quot;none&quot;}\" data-widget_type=\"image.default\">\n\t\t\t\t<div class=\"elementor-widget-container\">\n\t\t\t\t\t\t\t\t\t\t\t\t\t\t\t<img fetchpriority=\"high\" decoding=\"async\" width=\"1700\" height=\"450\" src=\"https:\/\/www.marinaorigins.com\/wp-content\/uploads\/2025\/05\/img-presentacion-marina-origins.webp\" class=\"attachment-full size-full wp-image-3048\" alt=\"\" srcset=\"https:\/\/www.marinaorigins.com\/wp-content\/uploads\/2025\/05\/img-presentacion-marina-origins.webp 1700w, https:\/\/www.marinaorigins.com\/wp-content\/uploads\/2025\/05\/img-presentacion-marina-origins-300x79.webp 300w, https:\/\/www.marinaorigins.com\/wp-content\/uploads\/2025\/05\/img-presentacion-marina-origins-1024x271.webp 1024w, https:\/\/www.marinaorigins.com\/wp-content\/uploads\/2025\/05\/img-presentacion-marina-origins-768x203.webp 768w, https:\/\/www.marinaorigins.com\/wp-content\/uploads\/2025\/05\/img-presentacion-marina-origins-1536x407.webp 1536w\" sizes=\"(max-width: 1700px) 100vw, 1700px\" \/>\t\t\t\t\t\t\t\t\t\t\t\t\t\t\t<\/div>\n\t\t\t\t<\/div>\n\t\t\t\t<\/div>\n\t\t<div class=\"elementor-element elementor-element-eff9860 e-flex e-con-boxed e-con e-parent\" data-id=\"eff9860\" data-element_type=\"container\" data-e-type=\"container\">\n\t\t\t\t\t<div class=\"e-con-inner\">\n\t\t<div class=\"elementor-element elementor-element-beb5e50 e-con-full e-flex e-con e-child\" data-id=\"beb5e50\" data-element_type=\"container\" data-e-type=\"container\">\n\t\t\t\t<div class=\"elementor-element elementor-element-40b1671 elementor-widget__width-initial elementor-widget-mobile__width-inherit txt-largo-saborea elementor-widget elementor-widget-text-editor\" data-id=\"40b1671\" data-element_type=\"widget\" data-e-type=\"widget\" data-widget_type=\"text-editor.default\">\n\t\t\t\t<div class=\"elementor-widget-container\">\n\t\t\t\t\t\t\t\t\t<p>EL 10 d\u2019abril de 2025 Marina Origins reobri les seues portes per a crear un espai gastron\u00f2mic innovador.<\/p><p>En 1979 Viviana Deckx Ceulemans i Guy Le Metayer van fundar el Restaurant La Marina, especialitzat en cuina francesa. El matrimoni va assentar les bases del resort comen\u00e7ant per la creaci\u00f3 d\u2019aquest restaurant, basat en la bona gastronomia amb les seues arrels franceses i belgues. L\u2019esfor\u00e7, la calidesa de l\u2019hospitalitat, la qualitat del producte i l\u2019alqu\u00edmia culin\u00e0ria van fer possible convertir-se en un lloc de refer\u00e8ncia en l\u2019entorn.  <\/p><p>Important saber d\u2019on venim, per a mantindre un bon rumb. Aix\u00ed que amb eixes bases, les bases de la cuina i l\u2019hospitalitat, hem continuat treballant la resta de la fam\u00edlia.  <\/p><p>La reobertura de Marina Origins \u00e9s un testimoni m\u00e9s d\u2019eixa evoluci\u00f3, del nostre comprom\u00eds d\u2019oferir el millor. Marina Origins renaix amb la intenci\u00f3 de ser molt m\u00e9s que un restaurant, volem ser l\u2019espai on degustes els sabors aut\u00e8ntics de la nostra terra, on cada plat conte una hist\u00f2ria, on es compartisquen moments especials al voltant d\u2019una taula. <\/p><p>Grup Samay, la fam\u00edlia Samay aposta per un concepte diferent tant en l\u2019estructura f\u00edsica com en el mateix estil. Marina Origins s\u2019estructura amb una distribuci\u00f3 de tres nivells amb experi\u00e8ncies diverses per a cadascun d\u2019ells. <\/p><p>Aix\u00ed, la seua planta baixa queda reservada com a <strong>zona principal de restauraci\u00f3<\/strong> que es completar\u00e0 amb la seua \u00e0rea per al visionat d\u2019esdeveniments esportius i barra. La seua segona planta continuar\u00e0 comptant amb <strong>una \u00e0mplia terrassa exterior<\/strong> d\u2019ambient relaxat amb vistes i la seua discoteca. Al soterrani, la zona de parc infantil indoor tamb\u00e9 renovada, ara connectada directament amb el sal\u00f3 principal.  <\/p><p>Origins \u00e9s el lloc on cadascun dels membres de la fam\u00edlia, sense importar l\u2019edat, puga gaudir d\u2019una \u00e0rea concreta per a la seua diversi\u00f3. Tota la fam\u00edlia menjant i mentre la fam\u00edlia i els amics acaben de menjar, els m\u00e9s menuts poden gaudir del parc de boles i sal\u00f3 de jocs, igualment podran gaudir de les zones exteriors i de la fira. <\/p><p>A m\u00e9s del dia a dia, tot l\u2019edifici es concep com a espai per al <strong>desenvolupament d\u2019esdeveniments i celebracions<\/strong>. Cadascun dels espais compta amb una barra independent, cosa que facilitar\u00e0 l\u2019organitzaci\u00f3 d\u2019esdeveniments privats i sessions amb DJs, per a potenciar la seua proposta d\u2019oci i entreteniment. <\/p><p>Per\u00f2, a m\u00e9s, el projecte es completa amb una proposta culin\u00e0ria on el condiment clau \u00e9s la versatilitat, comptant amb una sola carta que aglutina diferents versions de cartes. <strong>La carta mantindr\u00e0 l\u2019ess\u00e8ncia de la cuina mediterr\u00e0nia reinterpretada pels nostres xefs: Ana Mar\u00eda Navarro Moreno i Andr\u00e9s Mart\u00ednez Rinc\u00f3n<\/strong>. Combinada amb <strong>snacks<\/strong>, en la qual s\u2019inclouran opcions \u201cm\u00e9s lleugeres i creatives\u201d. A aix\u00f2 s\u2019hi suma una <strong>carta especial per a esdeveniments<\/strong>, dissenyada per a celebracions i trobades socials o corporatives. Amb propostes diferenciades per a acompanyar la cocteleria.   <\/p><p>El conjunt de la proposta gastron\u00f2mica est\u00e0 basat en producte de qualitat, sabors honestos i combinacions sorprenents, amb una presentaci\u00f3 innovadora i pensada per a compartir. No falten plats <strong>basats en la brasa, els arrossos i els productes de la mar i l\u2019horta<\/strong> com a elements protagonistes en una oferta que connecta amb la tradici\u00f3 per\u00f2 amb una mirada actual i creativa. <\/p><p>Aquesta proposta central compta amb el refor\u00e7 d\u2019un altre component indispensable per a tancar el cercle d\u2019un local amb vocaci\u00f3 de convertir-se en punt de refer\u00e8ncia obligada: <strong>la cocteleria<\/strong><\/p><p>Comptem amb <strong>una carta dissenyada de manera espec\u00edfica per a acompanyar l\u2019experi\u00e8ncia culin\u00e0ria i potenciar l\u2019ambient social de l\u2019espai<\/strong>. Aquesta carta combina c\u00f2ctels cl\u00e0ssics reinterpretats, creacions pr\u00f2pies i opcions sense alcohol, mantenint un equilibri clau entre all\u00f2 sofisticat i all\u00f2 accessible. <\/p><p>Tot aix\u00f2 sota la direcci\u00f3 de Fabi\u00e1n Ayala Rodr\u00edguez i el seu equip: Ronald Pe\u00f1a Barco i Francisco Manuel Oca\u00f1a Moreno.<\/p>\t\t\t\t\t\t\t\t<\/div>\n\t\t\t\t<\/div>\n\t\t\t\t<\/div>\n\t\t\t\t\t<\/div>\n\t\t\t\t<\/div>\n\t\t\t\t<\/div>\n\t\t","protected":false},"excerpt":{"rendered":"<p>HIST\u00d2RIA EVOLUCI\u00d3 I EL NOSTRE COMPROM\u00cdS HUI HIST\u00d2RIA EVOLUCI\u00d3 I EL NOSTRE COMPROM\u00cdS HUI EL 10 d\u2019abril de 2025 Marina Origins reobri les seues portes per a crear un espai [&hellip;]<\/p>\n","protected":false},"author":1,"featured_media":0,"parent":0,"menu_order":0,"comment_status":"closed","ping_status":"closed","template":"","meta":{"footnotes":""},"class_list":["post-3504","page","type-page","status-publish","hentry"],"_links":{"self":[{"href":"https:\/\/www.marinaorigins.com\/ca\/wp-json\/wp\/v2\/pages\/3504","targetHints":{"allow":["GET"]}}],"collection":[{"href":"https:\/\/www.marinaorigins.com\/ca\/wp-json\/wp\/v2\/pages"}],"about":[{"href":"https:\/\/www.marinaorigins.com\/ca\/wp-json\/wp\/v2\/types\/page"}],"author":[{"embeddable":true,"href":"https:\/\/www.marinaorigins.com\/ca\/wp-json\/wp\/v2\/users\/1"}],"replies":[{"embeddable":true,"href":"https:\/\/www.marinaorigins.com\/ca\/wp-json\/wp\/v2\/comments?post=3504"}],"version-history":[{"count":1,"href":"https:\/\/www.marinaorigins.com\/ca\/wp-json\/wp\/v2\/pages\/3504\/revisions"}],"predecessor-version":[{"id":3505,"href":"https:\/\/www.marinaorigins.com\/ca\/wp-json\/wp\/v2\/pages\/3504\/revisions\/3505"}],"wp:attachment":[{"href":"https:\/\/www.marinaorigins.com\/ca\/wp-json\/wp\/v2\/media?parent=3504"}],"curies":[{"name":"wp","href":"https:\/\/api.w.org\/{rel}","templated":true}]}}